{"id":722,"date":"2023-02-13T14:11:49","date_gmt":"2023-02-13T13:11:49","guid":{"rendered":"https:\/\/www.astro.sk\/iau100\/bezovec\/?page_id=722"},"modified":"2023-03-02T20:50:12","modified_gmt":"2023-03-02T19:50:12","slug":"year-2022","status":"publish","type":"page","link":"https:\/\/www.astro.sk\/iau100\/bezovec\/index.php\/previous-conferences\/year-2022\/","title":{"rendered":"Bezovec 2022 \u2013 Konferencia o dejin\u00e1ch astron\u00f3mie"},"content":{"rendered":"<p style=\"text-align: justify;\"><strong>Tradi\u010dn\u00e9 stretnutie astron\u00f3mov na Bezovci nap\u00edsalo v roku 2022 u\u017e svoje 54. pokra\u010dovanie. Nezvy\u010dajn\u00fd v\u0161ak nebol len term\u00edn, cie\u013eov\u00e1 skupina \u00fa\u010dastn\u00edkov, ale aj odborn\u00e1 n\u00e1pl\u0148. Konferencia sa konala v d\u0148och 9. \u2013 11. septembra 2022 a \u00fa\u010dastn\u00edkmi neboli len astron\u00f3movia, ke\u010f\u017ee hlavnou t\u00e9mou konferencie boli dejiny vied o vesm\u00edre.<\/strong><\/p>\n<p style=\"text-align: justify;\"><img loading=\"lazy\" decoding=\"async\" class=\"alignleft wp-image-2825 size-medium\" src=\"https:\/\/sas.astro.sk\/wp-content\/uploads\/2022\/03\/bezovec_kruh_2022-300x300.png\" alt=\"\" width=\"300\" height=\"300\" \/>Konferencie na Bezovci patria k popredn\u00fdm akci\u00e1m, ktor\u00e9 ka\u017edoro\u010dne organizuje <a href=\"https:\/\/sas.astro.sk\/\"><em>Slovensk\u00e1 astronomick\u00e1 spolo\u010dnos\u0165 (SAS) pri SAV<\/em><\/a> a <a href=\"http:\/\/www.hvezdaren.org\/\"><em>Hvezd\u00e1re\u0148 a planet\u00e1rium M. R. \u0160tef\u00e1nika v Hlohovci<\/em><\/a>. Tieto stretnutia tradi\u010dne umo\u017e\u0148ovali v\u00fdmenu sk\u00fasenost\u00ed medzi profesion\u00e1lnymi astron\u00f3mami a z\u00e1ujemcami o pozorovanie premenn\u00fdch hviezd. V roku <a href=\"https:\/\/www.astro.sk\/iau100\/bezovec\/index.php\/previous-conferences\/rocnik-2020\/\">2020<\/a> sme zameranie konferencie roz\u0161\u00edrili a dali sme priestor <em>pracovn\u00edkom hvezd\u00e1rn\u00ed a planet\u00e1ri\u00ed z cel\u00e9ho Slovenska<\/em>, aby prezentovali v\u00fdsledky svojej o<em>dbornej \u010dinnosti v r\u00f4znych oblastiach astronomick\u00e9ho v\u00fdskumu<\/em>. Celkovo sa konferencie z\u00fa\u010dastnilo 66 \u00fa\u010dastn\u00edkov. Hlavnou t\u00e9mou konferencie v roku <a href=\"https:\/\/www.astro.sk\/iau100\/bezovec\/index.php\/previous-conferences\/year-2021\/\">2021<\/a> bola prezent\u00e1cia <em>vedecko-v\u00fdskumnej \u010dinnosti mlad\u00fdch astron\u00f3mov v r\u00f4znych oblastiach v\u00fdskumu vesm\u00edru<\/em>. Konferencie sa z\u00fa\u010dastnilo 40 \u00fa\u010dastn\u00edkov, ktor\u00fdch preva\u017en\u00fa v\u00e4\u010d\u0161inu tvorili \u0161tudenti magistersk\u00e9ho a doktorandsk\u00e9ho stup\u0148a a vysoko\u0161kolsk\u00ed u\u010ditelia.<\/p>\n<p style=\"text-align: justify;\">Tradi\u010dn\u00e1 bezoveck\u00e1 konferencia sa v roku 2022 konala v d\u0148och <em>9. \u2013 11. septembra 2022 <\/em>v priestoroch <a href=\"https:\/\/www.penzion-bezovec.sk\/\"><em>Penzi\u00f3nu Bezovec<\/em><\/a>. Na jej pr\u00edprave sa podie\u013eali aj <a href=\"https:\/\/www.upjs.sk\/prirodovedecka-fakulta\/\"><em>Pr\u00edrodovedeck\u00e1 fakulta Univerzity P. J. \u0160af\u00e1rika v Ko\u0161iciach<\/em><\/a>, <a href=\"http:\/\/www.suh.sk\/\"><em>Slovensk\u00e1 \u00fastredn\u00e1 hvezd\u00e1re\u0148 v Hurbanove<\/em><\/a> a <a href=\"https:\/\/fmph.uniba.sk\/\"><em>Fakulta matematiky, fyziky a informatiky Univerzity Komensk\u00e9ho v Bratislave<\/em><\/a>.<\/p>\n<p style=\"text-align: justify;\">Hlavnou t\u00e9mou tohtoro\u010dnej konferencie bola prezent\u00e1cia nov\u00fdch odborn\u00fdch, ale aj star\u0161\u00edch menej zn\u00e1mych poznatkov z <em>dej\u00edn astron\u00f3mie<\/em> od jej \u00fasvitu v dob\u00e1ch praveku a\u017e po 21. storo\u010die, \u010di u\u017e vo svete, alebo v strednej Eur\u00f3pe. Tak\u00fdto chronologick\u00fd z\u00e1ber doteraz na Slovensku ch\u00fdbal, ke\u010f\u017ee historick\u00e9 konferencie m\u00e1vaj\u00fa \u010dasto \u00fazko \u0161pecifikovan\u00fa t\u00e9mu, v ktorej obvykle dominuje konkr\u00e9tna osobnos\u0165 alebo v\u00fdro\u010die takmer v\u017edy viazan\u00e9 na slovensk\u00e9 prostredie. Konferencia si kl\u00e1dla za cie\u013e pritiahnu\u0165 pozornos\u0165 priaznivcov vied o vesm\u00edre aj na in\u00e9 t\u00e9my zo v\u0161eobecn\u00fdch astronomick\u00fdch dej\u00edn, ktor\u00e9 na tematicky \u00fazko \u0161pecializovan\u00fdch podujatiach neodznievaj\u00fa. Konferencie sa z\u00fa\u010dastnilo 35 \u00fa\u010dastn\u00edkov, ktor\u00ed prezentovali 15 pr\u00edspevkov v\u00a0podobe predn\u00e1\u0161ok a dve v\u00fdstavy.<\/p>\n<p style=\"text-align: justify;\">Program v piatok podve\u010der otvorili <em>Stanislav \u0160i\u0161ul\u00e1k<\/em>, predseda organiza\u010dn\u00e9ho v\u00fdboru konferencie a tie\u017e predseda <a href=\"https:\/\/sas.astro.sk\/o-nas\/sekcie\/sekcia-historie-astronomie\/\">Sekcie hist\u00f3rie astron\u00f3mie SAS pri SAV a SZA<\/a>, <em>Rudolf G\u00e1lis,<\/em> predseda SAS pri SAV a <em>Karol Petr\u00edk<\/em>, riadite\u013e Hvezd\u00e1rne a planet\u00e1ria M. R. \u0160tef\u00e1nika v Hlohovci. \u00davodn\u00e1 predn\u00e1\u0161ka patrila <em>\u0160t\u011bp\u00e1novi Kov\u00e1\u0159ovi<\/em>, ktor\u00fd predstavil prv\u00e9 vydanie knihy <em>Zrcadlo kosmu<\/em>. Toto dielo, ktor\u00e9ho autorom je v\u00fdznamn\u00e1 osobnos\u0165 \u010deskej i slovenskej astron\u00f3mie <em>Anton\u00edn Be\u010dv\u00e1\u0159<\/em>, bolo s\u00edce nap\u00edsan\u00e9 u\u017e v roku 1948, no cenzorsk\u00fdm z\u00e1sahom zostalo na dlh\u00fdch 74 rokov nevydan\u00e9. Prezent\u00e1cia bola doplnen\u00e1 sprievodnou v\u00fdstavou venovanou tomuto dielu, ako aj osobnosti Anton\u00edna Be\u010dv\u00e1\u0159a. Na odvr\u00e1ten\u00fa stranu hist\u00f3rie Astronomick\u00e9ho observat\u00f3ria na Skalnatom Plese si vo svojom pr\u00edspevku s pr\u00edzna\u010dn\u00fdm n\u00e1zvom <em>Od\u00eddenci<\/em> zaspom\u00ednal <em>Vladim\u00edr Bah\u00fdl<\/em>.<\/p>\n<p><img loading=\"lazy\" decoding=\"async\" class=\"wp-image-3171 size-large aligncenter\" src=\"https:\/\/sas.astro.sk\/wp-content\/uploads\/2022\/09\/IMG_2663-1024x683.jpg\" alt=\"\" width=\"1024\" height=\"683\" \/><\/p>\n<p style=\"text-align: center;\"><em>\u0160t\u011bp\u00e1n Kov\u00e1\u0159 predstavil \u00fa\u010dastn\u00edkom Be\u010dv\u00e1\u0159ove Zrcadlo kosmu, ktor\u00e9 na svoje vydanie \u010dakalo dlh\u00fdch 74 rokov. (Foto: P. Rapav\u00fd) <\/em><\/p>\n<p style=\"text-align: justify;\">Sobotn\u00fd program konferencie otvorili predn\u00e1\u0161ky o prehistorick\u00fdch astronomick\u00fdch stavb\u00e1ch: <em>Vladim\u00edr\u00a0Karlovsk\u00fd<\/em> \u00fa\u010dastn\u00edkom prezentoval <em>rondel Lengyelskej kult\u00fary v Bu\u010danoch<\/em> a <em>Rastislav Ferul\u00edk <\/em>predstavil <em>Tatry <\/em>ako<em> krajinu starovek\u00fdch m\u00fdtov. <\/em>Aj tento pr\u00edspevok sprev\u00e1dzala v\u00fdstava venovan\u00e1 megalitickej stavbe pod Tatrami. Rann\u00fd blok predn\u00e1\u0161ok uzavrel <em>\u013dubom\u00edr Hamb\u00e1lek<\/em>, ktor\u00fd prezentoval <em>Historick\u00fd v\u00fdvoj a modern\u00fa prezent\u00e1ciu \u010d\u00ednskych s\u00fahvezd\u00ed <\/em>v programe Stellarium.<\/p>\n<p><img loading=\"lazy\" decoding=\"async\" class=\"aligncenter wp-image-3172 size-large\" src=\"https:\/\/sas.astro.sk\/wp-content\/uploads\/2022\/09\/20220910_100304-1024x462.jpg\" alt=\"\" width=\"1024\" height=\"462\" \/><\/p>\n<p style=\"text-align: center;\"><em>\u013dubom\u00edr Hamb\u00e1lek prezentoval hist\u00f3riu \u010d\u00ednskeho syst\u00e9mu oblohy. (Foto: \u0160. Kov\u00e1\u0159)<\/em><\/p>\n<p style=\"text-align: justify;\">Po kr\u00e1tkej prest\u00e1vke program konferencie pokra\u010doval pr\u00edspevkom <em>\u0160tefana Zolcera<\/em>\u00a0 o <em>premen\u00e1ch astron\u00f3mie v ranom novoveku<\/em>, <em>Pavla Mikulika<\/em> o <em>papierov\u00fdch astrol\u00e1boch Philippa Danfrieho z konca 16. storo\u010dia<\/em> a <em>Vladim\u00edra \u0160tefla<\/em> o <em>Keplerovej teorii pohybu prim\u00e1rn\u00edch planet<\/em>. Dopolud\u0148aj\u0161\u00ed program uzavrela predn\u00e1\u0161ka <em>Niny Kochovej<\/em> a <em>Stanislava \u0160i\u0161ul\u00e1ka<\/em>, v ktorej n\u00e1m predstavili <em>obraz vesm\u00edru v barokovej matematickej pr\u00edru\u010dke Williama Leybourna z roku 1690<\/em>.<\/p>\n<p><img loading=\"lazy\" decoding=\"async\" class=\"size-large wp-image-3173 aligncenter\" src=\"https:\/\/sas.astro.sk\/wp-content\/uploads\/2022\/09\/IMG_2683-1024x683.jpg\" alt=\"\" width=\"1024\" height=\"683\" \/><\/p>\n<p style=\"text-align: center;\"><em>Pavol Mikul\u00edk po\u010das predn\u00e1\u0161ky o papierov\u00fdch astrol\u00e1boch Philippa Danfrieho z konca 16. storo\u010dia. (Foto: P. Rapav\u00fd)<\/em><\/p>\n<p style=\"text-align: justify;\">Po skvelom obede sa \u00fa\u010dastn\u00edci konferencie presunuli do Hlohovca, kde bola na budove b\u00fdval\u00e9ho z\u00e1vodn\u00e9ho klubu podniku Slovakofarma odhalen\u00e1 pam\u00e4tn\u00e1 tabu\u013ea v\u00fdznamn\u00e9mu populariz\u00e1torovi astron\u00f3mie a zakladate\u013eovi hvezd\u00e1rne v Hlohovci <em>Dr. Elemerovi Cseremu<\/em>.<\/p>\n<p><img loading=\"lazy\" decoding=\"async\" class=\"aligncenter wp-image-3178 size-large\" src=\"https:\/\/sas.astro.sk\/wp-content\/uploads\/2022\/09\/IMG_2703_-659x1024.jpg\" alt=\"\" width=\"659\" height=\"1024\" \/><\/p>\n<p style=\"text-align: center;\"><em>Pavol Rapav\u00fd, Jana Struh\u00e1rikov\u00e1 a Karol Petr\u00edk pri pr\u00e1ve odhalenej pam\u00e4tnej tabuli venovanej zakladate\u013eovi hvezd\u00e1rne v Hlohovci Dr. Elemerovi Cseremu. (Foto: P. Rapav\u00fd)<\/em><\/p>\n<p><img loading=\"lazy\" decoding=\"async\" class=\"size-large wp-image-3174 aligncenter\" src=\"https:\/\/sas.astro.sk\/wp-content\/uploads\/2022\/09\/IMG_2708-1024x683.jpg\" alt=\"\" width=\"1024\" height=\"683\" \/><\/p>\n<p style=\"text-align: center;\"><em>Odhalenie busty Dr. Elemera Csereho, vpravo jej autor akademick\u00fd soch\u00e1r Drahom\u00edr Prihe\u013e, v\u013eavo dc\u00e9ra E. Csereho, Katar\u00edna \u017dilinsk\u00e1. (Foto: P. Rapav\u00fd)<\/em><\/p>\n<p style=\"text-align: justify;\">\u010eal\u0161\u00ed program u\u017e prebiehal v priestoroch Hvezd\u00e1rne a planet\u00e1ria M. R. \u0160tef\u00e1nika v Hlohovci, kde bola odhalen\u00e1 busta zakladate\u013ea hvezd\u00e1rne a predstaven\u00e1 50-ro\u010dn\u00e1 hist\u00f3ria, ale aj bud\u00facnos\u0165 tejto v\u00fdznamnej astronomickej in\u0161tit\u00facie na Slovensku. S\u00fa\u010dasn\u00fd riadite\u013e tejto in\u0161tit\u00facie Karol Petr\u00edk si od \u010dlenov Rady Slovensk\u00e9ho zv\u00e4zu astron\u00f3mov Juraja Per\u017ea a Pavla Rapav\u00e9ho prevzal <em>ocenenie za dlhoro\u010dn\u00fa populariza\u010dn\u00fa \u010dinnos\u0165 <\/em>Hvezd\u00e1rne a planet\u00e1ria M. R. \u0160tef\u00e1nika v\u00a0Hlohovci.<\/p>\n<p><img loading=\"lazy\" decoding=\"async\" class=\"aligncenter size-full wp-image-3177\" src=\"https:\/\/sas.astro.sk\/wp-content\/uploads\/2022\/09\/NIK_0582.jpg\" alt=\"\" width=\"1000\" height=\"667\" \/><\/p>\n<p style=\"text-align: center;\"><em>\u00da\u010dastn\u00edci konferencie v are\u00e1li Hvezd\u00e1rne a planet\u00e1ria M. R. \u0160tef\u00e1nika v Hlohovci. Tesne za \u00fa\u010dastn\u00edkmi sa nach\u00e1dza \u201eb\u00fadka\u201c, v ktorej bola mnoho rokov ulo\u017een\u00e1 astronomick\u00e1 technika na Bezovci. (Foto: P. Barto\u0161)<\/em><\/p>\n<p style=\"text-align: justify;\">Po vydarenej exkurzii sa \u00fa\u010dastn\u00edci presunuli na Bezovec, kde sobotn\u00fd odborn\u00fd program konferencie pokra\u010doval pr\u00edspevkami, v ktor\u00fdch n\u00e1s <em>Ren\u00e1ta Kolivo\u0161kov\u00e1<\/em> zobrala na <em>\u0161pac\u00edrku po astronomick\u00fdch zauj\u00edmavostiach Pre\u0161ova<\/em>, <em>Adri\u00e1n Tak\u00e1\u010d<\/em> predstavil <em>Konkolyho cestovn\u00fd teodolit<\/em>, ktor\u00fd z\u00edskalo do svojho zbierkov\u00e9ho fondu M\u00fazeum M. T. Konkolyho v Hurbanove a <em>Juraj Per\u017eo<\/em> n\u00e1m pribl\u00ed\u017eil <em>hist\u00f3riu astron\u00f3mie na z\u00e1padnom Slovensku<\/em>. Sobotn\u00fd program konferencie uzavrel <em>spolo\u010densk\u00fd ve\u010der Slovenskej astronomickej spolo\u010dnosti pri SAV.<\/em><\/p>\n<p><img loading=\"lazy\" decoding=\"async\" class=\"aligncenter size-large wp-image-3176\" src=\"https:\/\/sas.astro.sk\/wp-content\/uploads\/2022\/09\/IMG_2726-1024x683.jpg\" alt=\"\" width=\"1024\" height=\"683\" \/><\/p>\n<p style=\"text-align: center;\"><em>Ren\u00e1ta Kolivo\u0161kov\u00e1<\/em> zobrala \u00fa\u010dastn\u00edkov konferencie na <em>\u0161pac\u00edrku po astronomick\u00fdch zauj\u00edmavostiach Pre\u0161ova. (Foto: P. Rapav\u00fd)<\/em><\/p>\n<p style=\"text-align: justify;\"><em>Juraj Per\u017eo<\/em> otvoril aj nede\u013en\u00fd blok odborn\u00fdch predn\u00e1\u0161ok a vo svojom pr\u00edspevku prezentoval <em>vznik a \u010dinnos\u0165 MO SZAA v Modre<\/em>. Proces <em>digitaliz\u00e1cie arch\u00edvov a period\u00edk<\/em> detailne predstavil <em>Petr Barto\u0161<\/em>. Z\u00e1ver odborn\u00e9ho programu konferencie patril preh\u013eadu <em>\u010dinnosti Historick\u00fdch sekci\u00ed SAS pri SAV<\/em>, ktor\u00fd prezentoval jej s\u00fa\u010dasn\u00fd predseda <em>Stanislav \u0160i\u0161ul\u00e1k<\/em>.<\/p>\n<p><img loading=\"lazy\" decoding=\"async\" class=\"aligncenter size-large wp-image-3175\" src=\"https:\/\/sas.astro.sk\/wp-content\/uploads\/2022\/09\/IMG_2734-1024x683.jpg\" alt=\"\" width=\"1024\" height=\"683\" \/><\/p>\n<p style=\"text-align: center;\"><em>\u00da\u010dastn\u00edci konferencie po\u010das \u017eivej diskusie. (Foto: P. Rapav\u00fd)<\/em><\/p>\n<p style=\"text-align: justify;\">Program konferencie v\u0161ak neboli len odborn\u00e9 pr\u00edspevky. Okrem prezent\u00e1ci\u00ed \u00fa\u010dastn\u00edci spolo\u010dne diskutovali o mo\u017enostiach vz\u00e1jomnej spolupr\u00e1ce v oblasti v\u00fdskumu dej\u00edn astron\u00f3mie a pr\u00edbuzn\u00fdch vied a ochrany astronomick\u00e9ho dedi\u010dstva na Slovensku a v \u010cesku, ke\u010f\u017ee trad\u00edcia astronomickej spolupr\u00e1ce pretrv\u00e1va medzi obomi krajinami u\u017e po nieko\u013eko gener\u00e1ci\u00ed.<\/p>\n<p style=\"text-align: justify;\"><img loading=\"lazy\" decoding=\"async\" class=\"aligncenter size-large wp-image-3179\" src=\"https:\/\/sas.astro.sk\/wp-content\/uploads\/2022\/09\/bezovec22_01_-868x1024.jpg\" alt=\"\" width=\"868\" height=\"1024\" \/><\/p>\n<p style=\"text-align: center;\"><em>\u00da\u010dastn\u00edci Konferencie o\u00a0dejin\u00e1ch astron\u00f3mie &#8211; Bezovec 2022 (Foto K.\u00a0Petr\u00edk).<\/em><\/p>\n<p>Organiz\u00e1torov te\u0161\u00ed, \u017ee \u00fa\u010dastn\u00edci konferenciu hodnotili ako \u00faspe\u0161n\u00fa a\u00a0u\u017e teraz sa te\u0161ia na \u010fal\u0161\u00ed ro\u010dn\u00edk tradi\u010dnej konferencie na Bezovci.<\/p>\n<hr \/>\n<h2>\u00da\u010dastn\u00edci<\/h2>\n<ul>\n<li><strong>Vladim\u00edr Bah\u00fdl<\/strong>, Slovensk\u00fd zv\u00e4z astron\u00f3mov, hvezd\u00e1re\u0148 &#8222;J\u00falia&#8220;, Zvolensk\u00e1 Slatina<\/li>\n<li><strong>Petr Barto\u0161<\/strong>, \u010cesk\u00e1 astronomick\u00e1 spole\u010dnost \/ Hv\u011bzd\u00e1rna Fr. Pe\u0161ty, Sezimovo \u00dast\u00ed<\/li>\n<li><strong>Jozef Bez\u00e1k<\/strong>, fyzick\u00e1 osoba<\/li>\n<li><strong>Radoslava Bodn\u00e1rov\u00e1<\/strong>, Hvezd\u00e1re\u0148 a planet\u00e1rium M. R. \u0160tef\u00e1nika v Hlohovci<\/li>\n<li><strong>Rastislav Ferul\u00edk<\/strong>, o.z. Nezdoln\u00fd vrch<\/li>\n<li><strong>Rudolf G\u00e1lis,\u00a0<\/strong>Univerzita Pavla Jozefa \u0160af\u00e1rika v Ko\u0161iciach<\/li>\n<li><strong>Michal Gemza<\/strong>, o.z. Nezdoln\u00fd vrch<\/li>\n<li><strong>\u013dubom\u00edr Hamb\u00e1lek,\u00a0<\/strong>Astronomick\u00fd \u00fastav SAV, v. v. i., Tatransk\u00e1 Lomnica<\/li>\n<li><strong>\u013dubom\u00edra Hujsov\u00e1<\/strong>, fyzick\u00e1 osoba<\/li>\n<li><strong>J\u00e1n Ka\u010dm\u00e1rik<\/strong>, Trifid Automation<\/li>\n<li><strong>Eva Ka\u010dm\u00e1rikov\u00e1<\/strong>, Spojen\u00e1 \u0161kola Tokaj\u00edcka<\/li>\n<li><strong>Jana Ka\u010dm\u00e1rikov\u00e1<\/strong>, Trifid Automation<\/li>\n<li><strong>Peter Ka\u0148uk<\/strong>, Centrum vo\u013en\u00e9ho \u010dasu v Ko\u0161iciach<\/li>\n<li><strong>Vladim\u00edr Karlovsk\u00fd<\/strong>, Hvezd\u00e1re\u0148 a planet\u00e1rium M. R. \u0160tef\u00e1nika v Hlohovci<\/li>\n<li><strong>Nina Kochov\u00e1<\/strong>, Trnavsk\u00e1 univerzita v Trnave<\/li>\n<li><strong>Ren\u00e1ta Kolivo\u0161kov\u00e1<\/strong>, Hvezd\u00e1re\u0148 a planet\u00e1rium v Pre\u0161ove<\/li>\n<li><strong>\u0160t\u011bp\u00e1n Kov\u00e1\u0159<\/strong>, \u010cesk\u00e1 astronomick\u00e1 spole\u010dnost<\/li>\n<li><strong>R\u00f3bert Ko\u017eurko<\/strong>, Hvezd\u00e1re\u0148 a planet\u00e1rium M. R. \u0160tef\u00e1nika v Hlohovci<\/li>\n<li><strong>Martin Krasu\u013ea<\/strong>, o.z. Nezdoln\u00fd vrch<\/li>\n<li><strong>Hana Ku\u010d\u00e1kov\u00e1<\/strong>, Astronomick\u00fd \u00fastav AV \u010cR Ond\u0159ejov \/ Fyzik\u00e1ln\u00ed \u00fastav Slezsk\u00e9 univerzity Opava<\/li>\n<li><strong>\u0160tefan K\u00fcrti<\/strong>, Slovensk\u00fd zv\u00e4z astron\u00f3mov<\/li>\n<li><strong>Milan Litavsk\u00fd<\/strong>, Lintersoft j.s.a<\/li>\n<li><strong>Michal Maturkani\u010d<\/strong>, Hvezd\u00e1re\u0148 a planet\u00e1rium M. R. \u0160tef\u00e1nika v Hlohovci<\/li>\n<li><strong>Pavol Mikulik<\/strong>, Slovensk\u00fd zv\u00e4z astron\u00f3mov &#8211; Sekcia hist\u00f3rie astron\u00f3mie SAS pri SAV a SZA<\/li>\n<li><strong>Juraj Per\u017eo<\/strong>, Centrum vedecko-technick\u00fdch inform\u00e1ci\u00ed SR &#8211; Aurelium, Bratislava<\/li>\n<li><strong>Karol Petr\u00edk,<\/strong>\u00a0Hvezd\u00e1re\u0148 a planet\u00e1rium M. R. \u0160tef\u00e1nika v Hlohovci<\/li>\n<li><strong>Pavol Rapav\u00fd<\/strong>, Hvezd\u00e1re\u0148 v Rimavskej Sobote<\/li>\n<li><strong>Stanislav \u0160i\u0161ul\u00e1k<\/strong>, Slovensk\u00e1 \u00fastredn\u00e1 hvezd\u00e1re\u0148 v Hurbanove<\/li>\n<li><strong>Svetoz\u00e1r \u0160tefe\u010dek<\/strong>, Hvezd\u00e1re\u0148 Soboti\u0161te<\/li>\n<li><strong>Vladim\u00edr \u0160tefl<\/strong>, Masarykova univerzita v Brne<\/li>\n<li><strong>Stanislav \u0160\u00fast<\/strong>, Slovensk\u00e1 astronomick\u00e1 spolo\u010dnos\u0165 pri SAV<\/li>\n<li><strong>Adri\u00e1n Tak\u00e1\u010d<\/strong>, Slovensk\u00e1 \u00fastredn\u00e1 hvezd\u00e1re\u0148 v Hurbanove<\/li>\n<li><strong>Peter Veress<\/strong>, SOLAR Hvezd\u00e1re\u0148 Senec<\/li>\n<li><strong>\u0160tefan Zolcer<\/strong>, Univerzita Komensk\u00e9ho v Bratislave<\/li>\n<li><strong>Katar\u00edna \u017dilinsk\u00e1<\/strong>, Slovensk\u00e1 astronomick\u00e1 spolo\u010dnos\u0165 pri SAV<\/li>\n<\/ul>\n<hr \/>\n<h3>Zborn\u00edk abstraktov<\/h3>\n<p>Registrov\u00e9 abstrakty pr\u00edspevkov je mo\u017en\u00e9 n\u00e1js\u0165 v <a href=\"https:\/\/www.astro.sk\/iau100\/bezovec\/wp-content\/uploads\/2022\/09\/Bezovec2022.pdf\">zborn\u00edku abstraktov (PDF)<\/a>.<\/p>\n<hr \/>\n<h4>Piatok, 9. september 2022<\/h4>\n<p style=\"padding-left: 40px;\"><span class=\"list-count\">17:00 &#8211; <\/span>Registr\u00e1cia \u00fa\u010dastn\u00edkov<br \/>\n<span class=\"list-count\">18:00 &#8211; Otvorenie konferencie<\/span><br \/>\n<span class=\"list-count\">18:15 &#8211; Konferen\u010dn\u00fd blok 1<\/span><br \/>\n<span class=\"list-count\"><em>\u00a0 \u00a0 \u00a0 \u00a0 \u00a0 \u00a0 \u00a0 <a href=\"https:\/\/www.astro.sk\/iau100\/bezovec\/wp-content\/uploads\/2022\/09\/Kovar-Zrcadlo-Kosmu.pdf\">\u0160t\u011bp\u00e1n Kov\u00e1\u0159 &#8211; Zrcadlo kosmu<\/a><\/em><\/span><br \/>\n<span class=\"list-count\">19:00 &#8211; <\/span> Ve\u010dera<br \/>\n<span class=\"list-count\">20:00 &#8211; <\/span>Konferen\u010dn\u00fd blok 2<br \/>\n<em>\u00a0 \u00a0 \u00a0 \u00a0 \u00a0 \u00a0 \u00a0 Vladim\u00edr Bah\u00fdl &#8211; Od\u00eddenci<\/em><br \/>\n<span class=\"list-count\">21:00 &#8211;<\/span> Uv\u00edtac\u00ed kokteil<\/p>\n<hr \/>\n<h4>Sobota, 10. september 2022<\/h4>\n<p style=\"padding-left: 40px;\"><span class=\"list-count\">08:00 &#8211; <\/span>Ra\u0148ajky<br \/>\n<span class=\"list-count\">09:00 &#8211; <\/span>Konferen\u010dn\u00fd blok 3<br \/>\n<em>\u00a0 \u00a0 \u00a0 \u00a0 \u00a0 \u00a0 \u00a0 <a href=\"https:\/\/www.astro.sk\/iau100\/bezovec\/wp-content\/uploads\/2022\/09\/Karlovsky-Bucany_Rondel.pdf\">Vladim\u00edr Karlovsk\u00fd &#8211; Rondel Lengyelskej kult\u00fary v Bu\u010danoch<\/a><\/em><br \/>\n<em>\u00a0 \u00a0 \u00a0 \u00a0 \u00a0 \u00a0 \u00a0 <a href=\"https:\/\/www.astro.sk\/iau100\/bezovec\/wp-content\/uploads\/2022\/09\/Ferulik-Tatry.pdf\">Rastislav Ferul\u00edk &#8211; Tatry \u2013 krajina starovek\u00fdch m\u00fdtov<\/a><\/em><br \/>\n<em>\u00a0 \u00a0 \u00a0 \u00a0 \u00a0 \u00a0 \u00a0 <a href=\"https:\/\/www.astro.sk\/iau100\/bezovec\/wp-content\/uploads\/2022\/09\/Hambalek-Cinske_suhvezdia.pdf\">\u013dubom\u00edr Hamb\u00e1lek &#8211; \u010c\u00ednske s\u00fahvezdia \u2013 ich historick\u00fd v\u00fdvoj a modern\u00e1 prezent\u00e1cia<\/a><\/em><br \/>\n<span class=\"list-count\">10:30 &#8211; <\/span>Prest\u00e1vka<br \/>\n<span class=\"list-count\">11:00 &#8211; Konferen\u010dn\u00fd blok 4<\/span><br \/>\n<em>\u00a0 \u00a0 \u00a0 \u00a0 \u00a0 \u00a0 \u00a0 <a href=\"https:\/\/www.astro.sk\/iau100\/bezovec\/wp-content\/uploads\/2022\/09\/Zolcer-Premeny_astronomie_v_ranom_novoveku.pdf\">\u0160tefan Zolcer &#8211; Premeny astron\u00f3mie v ranom novoveku<\/a><\/em><br \/>\n<em>\u00a0 \u00a0 \u00a0 \u00a0 \u00a0 \u00a0 \u00a0 <a href=\"https:\/\/www.astro.sk\/iau100\/bezovec\/wp-content\/uploads\/2022\/09\/Mikulik-Astrolaby.pdf\">Pavol Mikulik &#8211; Papierov\u00e9 astrol\u00e1by Philippa Danfrieho z konca 16. storo\u010dia<\/a><\/em><br \/>\n<em>\u00a0 \u00a0 \u00a0 \u00a0 \u00a0 \u00a0 \u00a0 <a href=\"https:\/\/www.astro.sk\/iau100\/bezovec\/wp-content\/uploads\/2022\/09\/Stefl-Keplerova_teorie.pdf\">Vladim\u00edr \u0160tefl &#8211; Keplerova teorie pohybu prim\u00e1rn\u00edch planet<\/a><\/em><br \/>\n<em>\u00a0 \u00a0 \u00a0 \u00a0 \u00a0 \u00a0 \u00a0 <a href=\"https:\/\/www.astro.sk\/iau100\/bezovec\/wp-content\/uploads\/2022\/09\/Sisulak-Leybourn.pdf\">Nina Kochov\u00e1, Stanislav \u0160i\u0161ul\u00e1k &#8211; Obraz vesm\u00edru v barokovej matematickej pr\u00edru\u010dke<\/a><\/em><br \/>\n<em>\u00a0 \u00a0 \u00a0 \u00a0 \u00a0 \u00a0 \u00a0 \u00a0 \u00a0 \u00a0 \u00a0 \u00a0 \u00a0 \u00a0 \u00a0 \u00a0 \u00a0 \u00a0 \u00a0 \u00a0 \u00a0 \u00a0 \u00a0 \u00a0 \u00a0 \u00a0 \u00a0 \u00a0 \u00a0 \u00a0 \u00a0 \u00a0 \u00a0 \u00a0 \u00a0 \u00a0 \u00a0<a href=\"https:\/\/www.astro.sk\/iau100\/bezovec\/wp-content\/uploads\/2022\/09\/Sisulak-Leybourn.pdf\">Williama Leybourna z roku 1690<\/a><\/em><br \/>\n<span class=\"list-count\">13:00 &#8211; Konferen\u010dn\u00e1 fotografia<\/span><br \/>\n13:05 &#8211; Obed<br \/>\n14:00 &#8211; Exkurzia (Hvezd\u00e1re\u0148 a planet\u00e1rium M. R. \u0160tef\u00e1nika v Hlohovci)<br \/>\n19:00 &#8211; Ve\u010dera<br \/>\n<span class=\"list-count\">20:00 &#8211; Konferen\u010dn\u00fd blok 5<\/span><br \/>\n<em>\u00a0 \u00a0 \u00a0 \u00a0 \u00a0 \u00a0 \u00a0 <a href=\"https:\/\/www.astro.sk\/iau100\/bezovec\/wp-content\/uploads\/2022\/09\/Kolivoskova-Astrospacirka-Presov.pdf\">Ren\u00e1ta Kolivo\u0161kov\u00e1 &#8211; Astronomick\u00e1 \u0161pac\u00edrka po Pre\u0161ove<\/a><\/em><br \/>\n<em>\u00a0 \u00a0 \u00a0 \u00a0 \u00a0 \u00a0 \u00a0 <a href=\"https:\/\/www.astro.sk\/iau100\/bezovec\/wp-content\/uploads\/2022\/09\/Takac-Konkolyho_cestovny_teodolit.pdf\">Adri\u00e1n Tak\u00e1\u010d &#8211; Konkolyho cestovn\u00fd teodolit<\/a><\/em><br \/>\n<em>\u00a0 \u00a0 \u00a0 \u00a0 \u00a0 \u00a0 \u00a0 <a href=\"https:\/\/www.astro.sk\/iau100\/bezovec\/wp-content\/uploads\/2022\/09\/Perzo-Sondy_do_historie_astronomie_na_zapadnom_Slovensku.pdf\">Juraj Per\u017eo &#8211; Sondy do hist\u00f3rie astron\u00f3mie na z\u00e1padnom Slovensku<\/a><\/em><br \/>\n<span class=\"list-count\">21:30 &#8211; <\/span>Spolo\u010densk\u00fd ve\u010der SAS pri SAV<\/p>\n<hr \/>\n<h4>Nede\u013ea, 11. september 2022<\/h4>\n<p style=\"padding-left: 40px;\"><span class=\"list-count\">08:00 &#8211; <\/span>Ra\u0148ajky<br \/>\n<span class=\"list-count\">09:00 &#8211; Konferen\u010dn\u00fd blok 6<\/span><br \/>\n<em>\u00a0 \u00a0 \u00a0 \u00a0 \u00a0 \u00a0 \u00a0 \u00a0<a href=\"https:\/\/www.astro.sk\/iau100\/bezovec\/wp-content\/uploads\/2022\/09\/Perzo-MOSZA_Modra.pdf\">Juraj Per\u017eo &#8211; Vznik a \u010dinnos\u0165 MO SZAA v Modre<\/a><\/em><br \/>\n<em>\u00a0 \u00a0 \u00a0 \u00a0 \u00a0 \u00a0 \u00a0 \u00a0<a href=\"https:\/\/www.astro.sk\/iau100\/bezovec\/wp-content\/uploads\/2022\/09\/Bartos-HFP-2022-HISEC.pdf\">Petr Barto\u0161 &#8211; Digitalizace arch\u00edv\u016f a periodik<\/a><\/em><br \/>\n<span class=\"list-count\">10:00 &#8211; Prest\u00e1vka<br \/>\n10:30 &#8211; Konferen\u010dn\u00fd blok 7<\/span><br \/>\n<em>\u00a0 \u00a0 \u00a0 \u00a0 \u00a0 \u00a0 \u00a0 \u00a0<a href=\"https:\/\/www.astro.sk\/iau100\/bezovec\/wp-content\/uploads\/2022\/09\/Sisulak-SHA_SAS_pri_SAV.pdf\">Stanislav \u0160i\u0161ul\u00e1k &#8211; Historick\u00e9 sekcie Slovenskej astronomickej spolo\u010dnosti pri SAV<\/a><\/em><br \/>\n<span class=\"list-count\">11:30 &#8211; <\/span>Ukon\u010denie konferencie<br \/>\n<span class=\"list-count\">12:00 &#8211; <\/span>Obed<\/p>\n<p>&nbsp;<\/p>\n","protected":false},"excerpt":{"rendered":"<p>Tradi\u010dn\u00e9 stretnutie astron\u00f3mov na Bezovci nap\u00edsalo v roku 2022 u\u017e svoje 54. pokra\u010dovanie. Nezvy\u010dajn\u00fd v\u0161ak nebol len term\u00edn, cie\u013eov\u00e1 skupina&hellip; <\/p>\n","protected":false},"author":2,"featured_media":0,"parent":235,"menu_order":0,"comment_status":"closed","ping_status":"closed","template":"","meta":{"footnotes":""},"_links":{"self":[{"href":"https:\/\/www.astro.sk\/iau100\/bezovec\/index.php\/wp-json\/wp\/v2\/pages\/722"}],"collection":[{"href":"https:\/\/www.astro.sk\/iau100\/bezovec\/index.php\/wp-json\/wp\/v2\/pages"}],"about":[{"href":"https:\/\/www.astro.sk\/iau100\/bezovec\/index.php\/wp-json\/wp\/v2\/types\/page"}],"author":[{"embeddable":true,"href":"https:\/\/www.astro.sk\/iau100\/bezovec\/index.php\/wp-json\/wp\/v2\/users\/2"}],"replies":[{"embeddable":true,"href":"https:\/\/www.astro.sk\/iau100\/bezovec\/index.php\/wp-json\/wp\/v2\/comments?post=722"}],"version-history":[{"count":3,"href":"https:\/\/www.astro.sk\/iau100\/bezovec\/index.php\/wp-json\/wp\/v2\/pages\/722\/revisions"}],"predecessor-version":[{"id":780,"href":"https:\/\/www.astro.sk\/iau100\/bezovec\/index.php\/wp-json\/wp\/v2\/pages\/722\/revisions\/780"}],"up":[{"embeddable":true,"href":"https:\/\/www.astro.sk\/iau100\/bezovec\/index.php\/wp-json\/wp\/v2\/pages\/235"}],"wp:attachment":[{"href":"https:\/\/www.astro.sk\/iau100\/bezovec\/index.php\/wp-json\/wp\/v2\/media?parent=722"}],"curies":[{"name":"wp","href":"https:\/\/api.w.org\/{rel}","templated":true}]}}