{"id":397,"date":"2021-03-03T20:00:50","date_gmt":"2021-03-03T19:00:50","guid":{"rendered":"https:\/\/www.astro.sk\/iau100\/bezovec\/?page_id=397"},"modified":"2021-03-08T13:18:28","modified_gmt":"2021-03-08T12:18:28","slug":"rocnik-2020","status":"publish","type":"page","link":"https:\/\/www.astro.sk\/iau100\/bezovec\/index.php\/previous-conferences\/rocnik-2020\/","title":{"rendered":"Bezovec 2020 &#8211; Astronomick\u00fd v\u00fdskum na Slovensku"},"content":{"rendered":"<p style=\"text-align: justify;\">Konferencie o \u00faspechoch stel\u00e1rnej astron\u00f3mie patria k popredn\u00fdm akci\u00e1m, ktor\u00e9 ka\u017edoro\u010dne organizuje\u00a0<em><a href=\"https:\/\/sas.astro.sk\/\">Slovensk\u00e1 astronomick\u00e1 spolo\u010dnos\u0165 pri SAV<\/a>\u00a0<\/em>a\u00a0<a href=\"http:\/\/www.hvezdaren.org\/\"><em>Hvezd\u00e1re\u0148 a planet\u00e1rium M. R. \u0160tef\u00e1nika v Hlohovci<\/em><\/a>. Tieto stretnutia tradi\u010dne umo\u017e\u0148uj\u00fa v\u00fdmenu sk\u00fasenost\u00ed medzi profesion\u00e1lnymi astron\u00f3mami a z\u00e1ujemcami o pozorovanie premenn\u00fdch hviezd, ako aj \u010fal\u0161ie oblasti astrofyziky z radov \u0161tudentov, \u010dlenov astronomick\u00fdch kr\u00fa\u017ekov a tie\u017e pracovn\u00edkov hvezd\u00e1rn\u00ed a planet\u00e1ri\u00ed z cel\u00e9ho Slovenska.<\/p>\n<p style=\"text-align: justify;\">V\u00a0roku 2020 sa malo stretnutie astron\u00f3mov na Bezovci kona\u0165 za\u010diatkom j\u00fana 2020. V\u0161etko v\u0161ak zmenilo celosvetov\u00e9 \u0161\u00edrenie sa koronav\u00edrusovej infekcie COVID-19. Vzh\u013eadom na vy\u0161e p\u00e4\u0165desiatro\u010dn\u00fa trad\u00edciu konferenci\u00ed na Bezovci sme sa rozhodli nezru\u0161i\u0165 tohtoro\u010dn\u00e9 stretnutie \u00faplne a len ho posun\u00fa\u0165 na jese\u0148 2020 s n\u00e1dejou, \u017ee v tom \u010dase u\u017e bud\u00fa mo\u017en\u00e9 aj tak\u00e9to osobn\u00e9 stretnutia. Ani jesenn\u00fd term\u00edn v\u0161ak nebol pre konferenciu priazniv\u00fd. Ke\u010f\u017ee\u00a0 cie\u013eom t\u00fdchto stretnut\u00ed je sp\u00e1ja\u0165 hlavne mlad\u00fa astronomick\u00fa komunitu na Slovensku, presunuli sme konferenciu do online priestoru. Konferencia\u00a0<em>Bezovec 2020 \u2013 Astronomick\u00fd v\u00fdskum na Slovensku<\/em>\u00a0sa konala v d\u0148och\u00a01. \u2013 2. okt\u00f3bra 2020\u00a0a na jej pr\u00edprave sa podie\u013eala aj\u00a0<a href=\"https:\/\/www.upjs.sk\/\"><em>Univerzita P. J. \u0160af\u00e1rika v\u00a0Ko\u0161iciach<\/em><\/a>\u00a0a\u00a0<a href=\"http:\/\/suh.sk\/\"><em>Slovensk\u00e1 \u00fastredn\u00e1 hvezd\u00e1re\u0148 v Hurbanove<\/em><\/a>.<\/p>\n<h4><a href=\"https:\/\/www.astro.sk\/iau100\/bezovec\/wp-content\/uploads\/2020\/10\/bezovec_photo-scaled.jpg\"><img loading=\"lazy\" decoding=\"async\" class=\"aligncenter size-large wp-image-348\" src=\"https:\/\/www.astro.sk\/iau100\/bezovec\/wp-content\/uploads\/2020\/10\/bezovec_photo-1024x768.jpg\" alt=\"\" width=\"790\" height=\"593\" srcset=\"https:\/\/www.astro.sk\/iau100\/bezovec\/wp-content\/uploads\/2020\/10\/bezovec_photo-1024x768.jpg 1024w, https:\/\/www.astro.sk\/iau100\/bezovec\/wp-content\/uploads\/2020\/10\/bezovec_photo-300x225.jpg 300w, https:\/\/www.astro.sk\/iau100\/bezovec\/wp-content\/uploads\/2020\/10\/bezovec_photo-768x576.jpg 768w, https:\/\/www.astro.sk\/iau100\/bezovec\/wp-content\/uploads\/2020\/10\/bezovec_photo-1536x1152.jpg 1536w, https:\/\/www.astro.sk\/iau100\/bezovec\/wp-content\/uploads\/2020\/10\/bezovec_photo-2048x1536.jpg 2048w\" sizes=\"(max-width: 790px) 100vw, 790px\" \/><\/a><\/h4>\n<p style=\"text-align: justify;\">Hos\u0165ami konferencie boli\u00a0<em>Luigi Stella<\/em>\u00a0(INAF \u2013 Osservatorio Astronomico di Roma) a\u00a0<em>Maurizio Falanga<\/em>\u00a0(International Space Science Institute, Bern), ktor\u00ed prezentovali zauj\u00edmav\u00e9 t\u00e9my t\u00fdkaj\u00face sa r\u00f6ntgenovej diagnostiky extr\u00e9mnych prejavov gravit\u00e1cie v okol\u00ed neutr\u00f3nov\u00fdch hviezd a \u010diernych dier,\u00a0 ako aj\u00a0p\u00f4vodu a v\u00fdvoja milisekundov\u00fdch pulzarov.<\/p>\n<p style=\"text-align: justify;\">Hlavnou n\u00e1pl\u0148ou tohtoro\u010dnej konferencie v\u0161ak boli\u00a0prezent\u00e1cie\u00a0odbornej pr\u00e1ce astronomick\u00fdch zariaden\u00ed v r\u00f4znych oblastiach v\u00fdskumu vesm\u00edru a spolo\u010dn\u00e9 diskusie o mo\u017enostiach vz\u00e1jomnej spolupr\u00e1ce v\u00a0tomto v\u00fdskume na Slovensku. Na konferencii vyst\u00fapilo \u010fal\u0161\u00edch 26\u00a0\u00fa\u010dastn\u00edkov, ktor\u00ed reprezentovali pestr\u00fa paletu astronomick\u00fd subjektov na Slovensku, od univerz\u00edt (Univerzita Komensk\u00e9ho v Bratislave, Univerzita P. J. \u0160af\u00e1rika v Ko\u0161iciach), cez \u00fastavy Slovenskej akad\u00e9mie vied (Astronomick\u00fd \u00fastav SAV v\u00a0Tatranskej Lomnici, \u00dastav experiment\u00e1lnej fyziky SAV v\u00a0Ko\u0161iciach), hvezd\u00e1rne (Slovensk\u00e1 \u00fastredn\u00e1 hvezd\u00e1re\u0148 v\u00a0Hurbanove, Vihorlatsk\u00e1 hvezd\u00e1re\u0148 v\u00a0Humennom, Hvezd\u00e1re\u0148 a planet\u00e1rium M. R. \u0160tef\u00e1nika v\u00a0Hlohovci, Krajsk\u00e1 hvezd\u00e1re\u0148 v\u00a0\u017diline, Hvezd\u00e1re\u0148 v\u00a0Banskej Bystrici, Centre vo\u013en\u00e9ho \u010dasu v Ko\u0161iciach), a\u017e po astron\u00f3mov amat\u00e9rov (Martin Vra\u0161\u0165\u00e1k, Vladim\u00edr Bah\u00fd\u013e), ktor\u00ed prezentovali 25 pr\u00edspevkov formou predn\u00e1\u0161ok a\u00a03 pr\u00edspevky vo forme posterov a v\u00fdstav.<\/p>\n<p style=\"text-align: justify;\">S\u00fa\u010das\u0165ou konferencie bolo aj \u010fal\u0161ie tradi\u010dn\u00e9 podujatie \u2013 Csereho astronomick\u00e9 dni, na ktorom so svojimi pr\u00edspevkami vyst\u00fapili\u00a0<em>Rudolf G\u00e1lis<\/em>\u00a0(Univerzita P. J. \u0160af\u00e1rika v\u00a0Ko\u0161iciach),\u00a0<em>Pavel Bakala<\/em>\u00a0(Hvezd\u00e1re\u0148 a planet\u00e1rium M. R. \u0160tef\u00e1nika v\u00a0Hlohovci) a\u00a0<em>Svetoz\u00e1r \u0160tefe\u010dek<\/em>\u00a0(Miestna organiz\u00e1cia Slovensk\u00e9ho zv\u00e4zu astron\u00f3mov v Soboti\u0161ti), ktor\u00ed hovorili o\u00a0v\u00fdskume exoplan\u00e9t a\u00a0vesm\u00edru ako celku, o\u00a0mo\u017enostiach existencie \u017eivota v\u00a0okol\u00ed \u010diernych dier a\u00a0o \u017eivote a\u00a0diele Charlesa Messiera.<\/p>\n<p style=\"text-align: justify;\">Celkovo sa konferencie\u00a0Bezovec 2020 \u2013 Astronomick\u00fd v\u00fdskum na Slovensku\u00a0z\u00fa\u010dastnilo 66 \u00fa\u010dastn\u00edkov, ktor\u00ed zhodnotili podujatie ako ve\u013emi prospe\u0161n\u00e9 pre rozvoj spolupr\u00e1ce v\u00a0oblasti astronomick\u00e9ho v\u00fdskumu na Slovensku a vyslovili sa za zorganizovanie podobnej konferencie v\u00a0bl\u00edzkej bud\u00facnosti.<\/p>\n<hr \/>\n<h4>Registrovan\u00ed \u00fa\u010dastn\u00edci<\/h4>\n<ul>\n<li><strong>Vladim\u00edr Bah\u00fd\u013e<\/strong>, Hvezd\u00e1re\u0148 &#8222;J\u00falia&#8220;, Zvolensk\u00e1 Slatina<\/li>\n<li><strong>O\u013ega Ballaschov\u00e1<\/strong>, Hvezd\u00e1re\u0148 a planet\u00e1rium Medzev<\/li>\n<li><strong>Pavel Bakala,<\/strong> Hvezd\u00e1re\u0148 a planet\u00e1rium M. R. \u0160tef\u00e1nika v Hlohovci<\/li>\n<li><strong>Peter Bartek<\/strong>, Slovensk\u00e9 planet\u00e1ri\u00e1<\/li>\n<li><strong>Patrik \u010cechvala<\/strong>, Univerzita Komensk\u00e9ho, Bratislava<\/li>\n<li><strong>Tom\u00e1\u0161 Dobrovodsk\u00fd<\/strong>, Krajsk\u00e1 hvezd\u00e1re\u0148 a planet\u00e1rium M. Hella v \u017diari nad Hronom<\/li>\n<li><strong>Peter Dolinsk\u00fd<\/strong>, Slovensk\u00e1 \u00fastredn\u00e1 hvezd\u00e1re\u0148, Hurbanovo<\/li>\n<li><strong>Ivan Dorotovi\u010d<\/strong>, Slovensk\u00e1 \u00fastredn\u00e1 hvezd\u00e1re\u0148, Hurbanovo<\/li>\n<li><strong>Pavol A. Dubovsk\u00fd<\/strong>, Vihorlatsk\u00e1 hvezd\u00e1re\u0148 v Humennom<\/li>\n<li><strong>Maurizio Falanga<\/strong>, International Space Science Institute, Bern<\/li>\n<li><strong>Miroslav Fedurco<\/strong>, Univerzita Pavla Jozefa \u0160af\u00e1rika v Ko\u0161iciach<\/li>\n<li><strong>Pavol Gajdo\u0161, <\/strong>Univerzita Pavla Jozefa \u0160af\u00e1rika v Ko\u0161iciach<\/li>\n<li><strong>Rudolf G\u00e1lis, <\/strong>Univerzita Pavla Jozefa \u0160af\u00e1rika v Ko\u0161iciach<\/li>\n<li><strong>\u013dubom\u00edr Hamb\u00e1lek,\u00a0<\/strong>Astronomick\u00fd \u00fastav Slovenskej akad\u00e9mie vied<\/li>\n<li><strong>Karol Havrila<\/strong>, Univerzita Komensk\u00e9ho, Bratislava<\/li>\n<li><strong>Ladislav Hric<\/strong>, Slovensk\u00e1 \u00fastredn\u00e1 hvezd\u00e1re\u0148, Hurbanovo<\/li>\n<li><strong>M\u00e1ria Hricov\u00e1 Bartolomejov\u00e1<\/strong><\/li>\n<li><strong>\u013dubom\u00edra Hujsov\u00e1<br \/>\n<\/strong><\/li>\n<li><strong>Marek Hus\u00e1rik<\/strong><strong>,\u00a0<\/strong>Astronomick\u00fd \u00fastav Slovenskej akad\u00e9mie vied<\/li>\n<li><strong>Milada Jakubecov\u00e1,\u00a0<\/strong>Hvezd\u00e1re\u0148 Michalovce<\/li>\n<li><strong>Stanislav Kaniansky<\/strong>, Hvezd\u00e1re\u0148 v Banskej Bystrici<\/li>\n<li><strong>Peter Ka\u0148uk<\/strong>, Centrum vo\u013en\u00e9ho \u010dasu Ko\u0161ice<\/li>\n<li><strong>Juraj Kubica, <\/strong>Slovensk\u00e9 planet\u00e1ri\u00e1<\/li>\n<li><strong>Hana Ku\u010d\u00e1kov\u00e1,\u00a0<\/strong>As\u00da AV \u010cR Ond\u0159ejov \/ Fyzik\u00e1ln\u00ed \u00fastav v Opav\u011b<\/li>\n<li><strong>Igor Kudzej, <\/strong>Vihorlatsk\u00e1 hvezd\u00e1re\u0148 v Humennom<\/li>\n<li><strong>Jakub Kapu\u0161,\u00a0<\/strong>Slovensk\u00e1 organiz\u00e1cia pre vesm\u00edrne aktivity<\/li>\n<li><strong>Milan Litavsk\u00fd<\/strong>, STM Ko\u0161ice<\/li>\n<li><strong><b>\u0160imon Mackovjak,<\/b><\/strong> \u00dastav experiment\u00e1lnej fyziky SAV v Ko\u0161iciach<\/li>\n<li><strong>J\u00e1n M\u00e4siar,<\/strong> Krajsk\u00e1 hvezd\u00e1re\u0148 v \u017diline<\/li>\n<li><strong>Jaroslav Merc, <\/strong>Univerzita Pavla Jozefa \u0160af\u00e1rika v Ko\u0161iciach<\/li>\n<li><strong>Roman Nagy,<\/strong> Univerzita Komensk\u00e9ho, Bratislava<\/li>\n<li><strong>Ale\u0161 Ne\u010das<\/strong>, Slovensk\u00e1 technick\u00e1 univerzita v Bratislave<\/li>\n<li><strong>Igor Parnahaj<\/strong>, Hvezd\u00e1re\u0148 Michalovce<\/li>\n<li><strong>Karol Petr\u00edk,<\/strong> Hvezd\u00e1re\u0148 a planet\u00e1rium M. R. \u0160tef\u00e1nika v Hlohovci<\/li>\n<li><strong>Emil Puha,<\/strong> Univerzita Komensk\u00e9ho, Bratislava<\/li>\n<li><strong>Luigi Stella<\/strong>, INAF &#8211; Osservatorio Astronomico di Roma<\/li>\n<li><strong>Stanislav \u0160i\u0161ul\u00e1k<\/strong>, Slovensk\u00e1 \u00fastredn\u00e1 hvezd\u00e1re\u0148, Hurbanovo<\/li>\n<li><strong>Svetoz\u00e1r \u0160tefe\u010dek<\/strong>, MO SZA Soboti\u0161te<\/li>\n<li><strong>Roman \u0160vihor\u00edk<\/strong>, Slovensk\u00fd zv\u00e4z astron\u00f3mov<\/li>\n<li><strong>Stanislav \u0160\u00fast<\/strong><\/li>\n<li><strong>Peter Veress,\u00a0<\/strong>SOLAR Hvezd\u00e1re\u0148 Senec<\/li>\n<li><strong>Mari\u00e1n Vidovenec,\u00a0<\/strong>Slovensk\u00e1 \u00fastredn\u00e1 hvezd\u00e1re\u0148, Hurbanovo<\/li>\n<li><strong>Martin Vra\u0161\u0165\u00e1k<\/strong>, Observat\u00f3rium Liptovsk\u00e1 \u0160tiavnica<\/li>\n<li><strong>Matej Zigo<\/strong>, Univerzita Komensk\u00e9ho, Bratislava<\/li>\n<\/ul>\n<h4>\u010eal\u0161\u00ed \u00fa\u010dastn\u00edci<\/h4>\n<ul>\n<li><strong>Tamara Ambrov\u00e1<\/strong><\/li>\n<li><strong>Beata Ba\u010dovsk\u00e1<\/strong><\/li>\n<li><strong>Marek Ba\u0148\u00e1rek<\/strong><\/li>\n<li><strong>Kamila Demusov\u00e1<\/strong><\/li>\n<li><strong>Ladislav Heller<\/strong><\/li>\n<li><strong>J\u00e1n Hor\u0148\u00e1k<\/strong><\/li>\n<li><strong>Drahom\u00edr Chochol<\/strong><\/li>\n<li><strong>J\u00e1n Karlovsk\u00fd<\/strong><\/li>\n<li><strong>Vladim\u00edr Karlovsk\u00fd<\/strong><\/li>\n<li><strong>Mari\u00e1n Knotek<\/strong><\/li>\n<li><strong>Jozef Kri\u0161tofovi\u010d<\/strong><\/li>\n<li><strong>Zuzana Kreibikov\u00e1<\/strong><\/li>\n<li><strong>Emil Kundra<\/strong><\/li>\n<li><strong>Tibor Lieskovsk\u00fd<\/strong><\/li>\n<li><strong>Jarmila Mejia<\/strong><\/li>\n<li><strong>Vlado Me\u0161ter<\/strong><\/li>\n<li><strong>Verena Pekarov\u00e1<\/strong><\/li>\n<li><strong>Martina Sabov\u00e1<\/strong><\/li>\n<li><strong>Jana Sedm\u00e1kov\u00e1<\/strong><\/li>\n<li><strong>Jaro \u0160imon<\/strong><\/li>\n<li><strong>Jana \u0160vr\u010dkov\u00e1<\/strong><\/li>\n<li><strong>Marek Wolf<\/strong><\/li>\n<li><strong>Katar\u00edna \u017dilinsk\u00e1<\/strong><\/li>\n<\/ul>\n<hr \/>\n<h3>Zborn\u00edk abstraktov<\/h3>\n<p style=\"text-align: left;\">Registrov\u00e9 abstrakty pr\u00edspevkov je mo\u017en\u00e9 n\u00e1js\u0165 v <a href=\"https:\/\/www.astro.sk\/iau100\/bezovec\/wp-content\/uploads\/2020\/10\/Bezovec2020.pdf\">zborn\u00edku abstraktov (PDF)<\/a><\/p>\n<hr \/>\n<h3>Program<\/h3>\n<h4>\u0160tvrtok, 1. okt\u00f3ber 2020<\/h4>\n<p style=\"padding-left: 40px;\">09:00 \u2013 <em>Testovanie online konferen\u010dn\u00e9ho syst\u00e9mu pre predn\u00e1\u0161aj\u00facich<\/em><br \/>\n11:00 \u2013 <em>Testovanie online konferen\u010dn\u00e9ho syst\u00e9mu pre v\u0161etk\u00fdch \u00fa\u010dastn\u00edkov<br \/>\n<\/em>12:00 \u2013 <em>Obedn\u00e1 prest\u00e1vka<br \/>\n<\/em>13:00 \u2013 <em>Zah\u00e1jenie konferencie<br \/>\n<\/em>13:10 \u2013<em> Konferen\u010dn\u00fd blok 1<\/em><\/p>\n<p style=\"padding-left: 80px;\"><b>Ivan Dorotovi\u010d<\/b> &#8211; <a href=\"https:\/\/www.astro.sk\/iau100\/bezovec\/wp-content\/uploads\/2020\/10\/Dorotovic-\u2013-Vedecko-vyskumne-a-pozorovatelske-aktivity-v-SUH-Hurbanovo.pdf\">Vedecko-v\u00fdskumn\u00e9 a pozorovate\u013esk\u00e9 aktivity v Slovenskej \u00fastrednej hvezd\u00e1rni v Hurbanove<\/a><\/p>\n<p style=\"padding-left: 80px;\"><b>Igor Kudzej <\/b>&#8211; Stru\u010dn\u00e9 dejiny v\u00fdskumov na Vihorlatskej hvezd\u00e1rni v Humennom<\/p>\n<p style=\"padding-left: 80px;\"><b>Pavol A. Dubovsk\u00fd <\/b>&#8211; <a href=\"https:\/\/www.astro.sk\/iau100\/bezovec\/wp-content\/uploads\/2020\/10\/Dubovsky-\u2013-Vyskum-premennych-hviezd-na-Astronomickom-observatoriu-na-Kolonickom-sedle.pdf\">V\u00fdskum premenn\u00fdch hviezd na Astronomickom observat\u00f3riu na Kolonickom sedle<\/a><\/p>\n<p style=\"padding-left: 80px;\"><b>Karol Petr\u00edk \u2013 <\/b><b>\u00a0<\/b>V\u00fdskumn\u00e9 aktivity Hvezd\u00e1rne a planet\u00e1ria M. R. \u0160tef\u00e1nika v Hlohovci<\/p>\n<p style=\"padding-left: 80px;\"><b>Martin Vra\u0161\u0165\u00e1k <\/b>\u2013 <a href=\"https:\/\/www.astro.sk\/iau100\/bezovec\/wp-content\/uploads\/2020\/10\/Vrastak-\u2013-Fotometricke-a-spektroskopicke-pozorovanie-symbiotickych-hviezd-v-sukromnej-pozorovatelni-v-Liptovskej-Stiavnici.pdf\">Fotometrick\u00e9 a spektroskopick\u00e9 pozorovanie symbiotick\u00fdch hviezd v s\u00fakromnej pozorovate\u013eni v Liptovskej \u0160tiavnici<\/a><\/p>\n<p style=\"padding-left: 40px;\">14:50 \u2013 <em>Prest\u00e1vka<\/em><br \/>\n15:10 \u2013 <em>Konferen\u010dn\u00fd blok 2<\/em><\/p>\n<p style=\"padding-left: 80px;\"><strong>Roman Nagy<\/strong> \u2013 <a href=\"https:\/\/www.astro.sk\/iau100\/bezovec\/wp-content\/uploads\/2020\/10\/Nagy-\u2013-Astronomia-na-MatFyze-\u2013-od-blizkeho-okolia-Zeme-az-po-vzdialene-oblasti-Galaxie.pdf\">Astron\u00f3mia na MatFyze \u2013 od bl\u00edzkeho okolia Zeme a\u017e po vzdialen\u00e9 oblasti Galaxie<\/a><\/p>\n<p style=\"padding-left: 80px;\"><strong>Matej Zigo<\/strong> \u2013 <a href=\"https:\/\/www.astro.sk\/iau100\/bezovec\/wp-content\/uploads\/2020\/10\/Zigo-\u2013-Fotometricky-program-70-centimetroveho-dalekohladu-na-AGO-Modra.pdf\">Fotometrick\u00fd program 70 centimetrov\u00e9ho \u010falekoh\u013eadu na AGO Modra<\/a><\/p>\n<p style=\"padding-left: 80px;\"><b>Luigi Stella<\/b> &#8211; <a href=\"https:\/\/www.astro.sk\/iau100\/bezovec\/wp-content\/uploads\/2020\/10\/Stella-\u2013-X-ray-diagnostics-of-extreme-gravity-in-the-vicinity-of-NSs-and-BHs.pdf\">X-ray diagnostics of extreme gravity in the vicinity of neutron stars and black holes\u00a0 &#8211; (R\u00f6ntgenov\u00e1 diagnostika extr\u00e9mnych prejavov gravit\u00e1cie v okol\u00ed neutr\u00f3nov\u00fdch hviezd a \u010diernych dier)<\/a><\/p>\n<p style=\"padding-left: 80px;\"><b>Maurizio Falanga<\/b> &#8211; <a href=\"https:\/\/www.astro.sk\/iau100\/bezovec\/wp-content\/uploads\/2020\/10\/Falanga-\u2013-Origin-life-and-pulsar-evolution-to-millisecond-Introduction-to-the-ISSI-in-Bern.pdf\">Origin, life, and pulsar evolution to millisecond + Introduction to the International Space Science institute in Bern &#8211; (P\u00f4vod, \u017eivot a v\u00fdvoj milisekundov\u00fdch pulzarov + Predstavenie Medzin\u00e1rodn\u00e9ho vesm\u00edrneho vedeck\u00e9ho \u00fastavu v Berne)<\/a><\/p>\n<p style=\"padding-left: 40px;\">16:50 <em>\u2013 Konferen\u010dn\u00e1 fotografia <\/em><br \/>\n<em>\u00a0 \u00a0 \u00a0 \u00a0 \u00a0 \u00a0\u2013 Prest\u00e1vka<\/em><br \/>\n17:10 \u2013 <em>Konferen\u010dn\u00fd blok 3<\/em><\/p>\n<p style=\"padding-left: 80px;\"><strong>Jaroslav Merc<\/strong> \u2013 <a href=\"https:\/\/www.astro.sk\/iau100\/bezovec\/wp-content\/uploads\/2020\/10\/Merc-Symbioticke-dvojhviezdy-na-UPJS.pdf\">Symbiotick\u00e9 dvojhviezdy na UPJ\u0160 v Ko\u0161iciach<\/a><\/p>\n<p style=\"padding-left: 80px;\"><strong>Pavol Gajdo\u0161<\/strong> \u2013 <a href=\"https:\/\/www.astro.sk\/iau100\/bezovec\/wp-content\/uploads\/2020\/10\/Gajdos-\u2013-Exoplanety-od-tranzitov-k-planetarnej-dynamike.pdf\">Exoplan\u00e9ty: od tranzitov k planet\u00e1rnej dynamike<\/a><\/p>\n<p style=\"padding-left: 80px;\"><strong>Stanislav Kaniansky<\/strong> \u2013 <a href=\"https:\/\/www.astro.sk\/iau100\/bezovec\/wp-content\/uploads\/2020\/10\/Kaniansky-\u2013-Prispevok-pozemskych-merani-k-mape-svetelneho-znecistenia.pdf\">Pr\u00edspevok pozemsk\u00fdch meran\u00ed k Mape sveteln\u00e9ho zne\u010distenia<\/a><\/p>\n<p style=\"padding-left: 40px;\">18:10 \u2013 <strong>J\u00e1n M\u00e4siar<\/strong> \u2013 <a href=\"https:\/\/www.astro.sk\/iau100\/bezovec\/wp-content\/uploads\/2020\/10\/Masiar-\u2013-Pod-tmavou-oblohou.pdf\">Pod tmavou oblohou (<i>Prezent\u00e1cia v\u00fdstavy<\/i>)<\/a><br \/>\n<i>\u00a0 \u00a0 \u00a0 \u00a0 \u00a0 \u00a0\u2013 Diskusia<\/i><\/p>\n<h4>Piatok, 2. okt\u00f3ber 2020<\/h4>\n<p style=\"padding-left: 40px;\">09:00 \u2013 <i>Konferen\u010dn\u00fd blok 4<\/i><\/p>\n<p style=\"padding-left: 80px;\"><strong>Marek Hus\u00e1rik<\/strong> \u2013 <a href=\"https:\/\/www.astro.sk\/iau100\/bezovec\/wp-content\/uploads\/2020\/10\/Husarik-\u2013-Vyskum-asteroidov-a-komet-na-Astronomickom-ustave-SAV.pdf\">V\u00fdskum asteroidov a kom\u00e9t na Astronomickom \u00fastave SAV<\/a><\/p>\n<p style=\"padding-left: 80px;\"><strong>\u0160imon Mackovjak<\/strong> \u2013 <a href=\"https:\/\/www.astro.sk\/iau100\/bezovec\/wp-content\/uploads\/2020\/10\/Mackovjak-\u2013-Vyskumne-a-inzinierske-aktivity-na-Oddeleni-kozmickej-fyziky-UEF-SAV-v-Kosiciach.pdf\">V\u00fdskumn\u00e9 a in\u017einierske aktivity na Oddelen\u00ed kozmickej fyziky \u00dastavu experiment\u00e1lnej fyziky SAV v Ko\u0161iciach<\/a><\/p>\n<p style=\"padding-left: 80px;\"><strong>Peter Dolinsk\u00fd<\/strong> \u2013 <a href=\"https:\/\/www.astro.sk\/iau100\/bezovec\/wp-content\/uploads\/2020\/10\/Dolinsky-Pozorovanie-meteoro-v-SUH.pdf\">Pozorovanie meteorov v Slovenskej \u00fastrednej hvezd\u00e1rni v Hurbanove<\/a><\/p>\n<p style=\"padding-left: 40px;\">10:20 \u2013 <i>Konferen\u010dn\u00e1 fotografia<br \/>\n<\/i>\u00a0 \u00a0 \u00a0 \u00a0 \u00a0 \u00a0\u2013 <em>Prest\u00e1vka<\/em><\/p>\n<p style=\"padding-left: 40px;\"><i><\/i>10:40 \u2013 <i>Konferen\u010dn\u00fd blok 5<\/i><\/p>\n<p style=\"padding-left: 80px;\"><strong>J\u00e1n M\u00e4siar<\/strong> \u2013 <a href=\"https:\/\/www.astro.sk\/iau100\/bezovec\/wp-content\/uploads\/2020\/10\/Masiar-\u2013-Odborno-pozorovatelska-cinnost-na-Krajskej-hvezdarni-v-Ziline.pdf\">Odborno-pozorovate\u013esk\u00e1 \u010dinnos\u0165 na Krajskej hvezd\u00e1rni v \u017diline<\/a><\/p>\n<p style=\"padding-left: 80px;\"><strong>Peter Veress<\/strong> \u2013 <a href=\"https:\/\/www.astro.sk\/iau100\/bezovec\/wp-content\/uploads\/2020\/10\/Veress-\u2013-Jeden-rok-na-seneckej-hvezdarni.pdf\">Jeden rok na seneckej hvezd\u00e1rni<\/a><\/p>\n<p style=\"padding-left: 80px;\"><strong>Peter Ka\u0148uk<\/strong> \u2013 <a href=\"https:\/\/www.astro.sk\/iau100\/bezovec\/wp-content\/uploads\/2020\/10\/Kanuk-\u2013-Pozorovanie-Slnka-v-Centre-volneho-casu-v-Kosiciach.pdf\">Pozorovanie Slnka v Centre vo\u013en\u00e9ho \u010dasu v Ko\u0161iciach<\/a><\/p>\n<p style=\"padding-left: 80px;\"><strong>Vladim\u00edr Bah\u00fd\u013e<\/strong> \u2013 <a href=\"https:\/\/www.astro.sk\/iau100\/bezovec\/wp-content\/uploads\/2020\/10\/Bahyl-\u2013-Program-pozorovania-premennych-hviezd-na-hvezdarni-Julia.pdf\">Program pozorovania premenn\u00fdch hviezd na hvezd\u00e1rni &#8222;J\u00falia&#8220;, v\u00fdsledky, pl\u00e1ny a perspekt\u00edvy<\/a><\/p>\n<p style=\"padding-left: 80px;\"><strong>O\u013ega Ballaschov\u00e1<\/strong> \u2013 <a href=\"https:\/\/www.astro.sk\/iau100\/bezovec\/wp-content\/uploads\/2020\/10\/Ballaschova-Cinnost-Hvezdarne-a-planetaria-Medzev-poster.pdf\">\u010cinnos\u0165 Hvezd\u00e1rne a planet\u00e1ria Medzev (poster)<\/a><\/p>\n<p style=\"padding-left: 40px;\">12:00 \u2013 <em>Obedn\u00e1 prest\u00e1vka<\/em><i><br \/>\n<\/i>13:00 \u2013 <i>Konferen\u010dn\u00fd blok 6<\/i><\/p>\n<p style=\"padding-left: 80px;\"><strong>\u013dubom\u00edr Hamb\u00e1lek<\/strong> \u2013 <a href=\"https:\/\/www.astro.sk\/iau100\/bezovec\/wp-content\/uploads\/2020\/10\/Hambalek-\u2013-V392-Persei-\u2013-Ako-sa-trpaslicia-nova-zmenila-na-normalnu-novu.pdf\">V392 Persei \u2013 Ako sa trpasli\u010dia nova zmenila na norm\u00e1lnu novu<\/a><\/p>\n<p style=\"padding-left: 80px;\"><strong>Miroslav Fedurco<\/strong> \u2013 <a href=\"https:\/\/www.astro.sk\/iau100\/bezovec\/wp-content\/uploads\/2020\/10\/Fedurco-\u2013-ELISa-novy-nastroj-na-modelovanie-tesnych-dvojhviezd.pdf\">ELISa: nov\u00fd n\u00e1stroj na modelovanie tesn\u00fdch z\u00e1krytov\u00fdch dvojhviezd<\/a><\/p>\n<p style=\"padding-left: 80px;\"><strong>Ale\u0161 Ne\u010das<\/strong> \u2013 <a href=\"https:\/\/www.astro.sk\/iau100\/bezovec\/wp-content\/uploads\/2020\/10\/Necas-Porovnanie-radiovych-pozorovani-meteorov-poster.pdf\">Porovnanie r\u00e1diov\u00fdch pozorovan\u00ed meteorov z obdobia od 1. do 17. augusta 2019 (poster)<\/a><\/p>\n<p style=\"padding-left: 80px;\"><strong>Karol Havrila<\/strong> \u2013 <a href=\"https:\/\/www.astro.sk\/iau100\/bezovec\/wp-content\/uploads\/2020\/10\/Havrila-\u2013-Expedicia-Kosice-2020-Dodatocny-zber-meteoritov-a-mikrometeoritov.pdf\">Exped\u00edcia Ko\u0161ice 2020: Dodato\u010dn\u00fd zber meteoritov a mikrometeoritov<\/a><\/p>\n<p style=\"padding-left: 80px;\"><strong>Jakub Kapu\u0161<\/strong> \u2013 Od 1. slovenskej dru\u017eice k astrofyzike vysok\u00fdch energi\u00ed<\/p>\n<p style=\"padding-left: 40px;\">14:30 \u2013 <i>Konferen\u010dn\u00e1 fotografia<br \/>\n<\/i>\u00a0 \u00a0 \u00a0 \u00a0 \u00a0 \u00a0\u2013<em> Prest\u00e1vka<\/em><i><br \/>\n<\/i>14:50 \u2013 <i>Konferen\u010dn\u00fd blok 7<\/i><\/p>\n<p style=\"padding-left: 80px;\"><strong>Patrik \u010cechvala<\/strong> \u2013 <a href=\"https:\/\/www.astro.sk\/iau100\/bezovec\/wp-content\/uploads\/2020\/11\/Cechvala-Vysokoenegeticke-castice-z-vesmiru.pdf\">Vysokoenergetick\u00e9 \u010dastice z vesm\u00edru<\/a><\/p>\n<p style=\"padding-left: 80px;\"><strong>Patrik \u010cechvala<\/strong> \u2013 <a href=\"https:\/\/www.astro.sk\/iau100\/bezovec\/wp-content\/uploads\/2020\/11\/Cechvala-\u2013-Urcovanie-velkosti-Mesiaca-s-vyuzitim-fotiek-mesacneho-zatmenia.pdf\">Ur\u010dovanie ve\u013ekosti Mesiaca s vyu\u017eit\u00edm fotiek mesa\u010dn\u00e9ho zatmenia<\/a><\/p>\n<p style=\"padding-left: 80px;\"><strong>Emil Puha<\/strong> \u2013 <a href=\"https:\/\/www.astro.sk\/iau100\/bezovec\/wp-content\/uploads\/2020\/10\/Puha-\u2013-Stoparov-sprievodca-astronomickymi-databazami.pdf\">Stop\u00e1rov sprievodca astronomick\u00fdmi datab\u00e1zami<\/a><\/p>\n<p style=\"padding-left: 80px;\"><strong>Juraj Kubica<\/strong> \u2013 <a href=\"https:\/\/www.astro.sk\/iau100\/bezovec\/wp-content\/uploads\/2020\/10\/Kubica-\u2013-Popularizacia-astronomie-v-Bratislave.pdf\">Populariz\u00e1cia astron\u00f3mie v Bratislave<\/a><\/p>\n<p style=\"padding-left: 40px;\">16:30 \u2013 <i>Prest\u00e1vka<br \/>\n<\/i>17:00 \u2013 <i>Konferen\u010dn\u00fd blok 8 \u2013 Csereho astronomick\u00e9 dni\u00a0<\/i><\/p>\n<p style=\"padding-left: 80px;\"><b>Rudolf G\u00e1lis<\/b> &#8211; <a href=\"https:\/\/www.astro.sk\/iau100\/bezovec\/wp-content\/uploads\/2020\/10\/Galis-\u2013-Vesmir-\u2013-konecna-hranica.pdf\">Vesm\u00edr &#8211; kone\u010dn\u00e1 hranica<\/a><\/p>\n<p style=\"padding-left: 80px;\"><b>Pavel Bakala<\/b> &#8211; <a href=\"https:\/\/www.astro.sk\/iau100\/bezovec\/wp-content\/uploads\/2020\/10\/Bakala-\u2013-Muze-existovat-zivot-v-okoli-cernych-der.pdf\">M\u016f\u017ee existovat \u017eivot v okol\u00ed \u010dern\u00fdch d\u011br?<\/a><\/p>\n<p style=\"padding-left: 80px;\"><b>Svetoz\u00e1r \u0160tefe\u010dek &#8211; <\/b><a href=\"https:\/\/www.astro.sk\/iau100\/bezovec\/wp-content\/uploads\/2020\/10\/Stefecek-Charles-Messier-od-komet-ku-katalogu.pdf\">Charles Messier: Od kom\u00e9t ku katal\u00f3gu<\/a><\/p>\n<p style=\"padding-left: 40px;\">19:00 \u2013\u00a0<em>Ukon\u010denie konferencie<\/em><i><\/i><\/p>\n","protected":false},"excerpt":{"rendered":"<p>Konferencie o \u00faspechoch stel\u00e1rnej astron\u00f3mie patria k popredn\u00fdm akci\u00e1m, ktor\u00e9 ka\u017edoro\u010dne organizuje\u00a0Slovensk\u00e1 astronomick\u00e1 spolo\u010dnos\u0165 pri SAV\u00a0a\u00a0Hvezd\u00e1re\u0148 a planet\u00e1rium M. R.&hellip; <\/p>\n","protected":false},"author":1,"featured_media":0,"parent":235,"menu_order":0,"comment_status":"closed","ping_status":"closed","template":"","meta":{"footnotes":""},"_links":{"self":[{"href":"https:\/\/www.astro.sk\/iau100\/bezovec\/index.php\/wp-json\/wp\/v2\/pages\/397"}],"collection":[{"href":"https:\/\/www.astro.sk\/iau100\/bezovec\/index.php\/wp-json\/wp\/v2\/pages"}],"about":[{"href":"https:\/\/www.astro.sk\/iau100\/bezovec\/index.php\/wp-json\/wp\/v2\/types\/page"}],"author":[{"embeddable":true,"href":"https:\/\/www.astro.sk\/iau100\/bezovec\/index.php\/wp-json\/wp\/v2\/users\/1"}],"replies":[{"embeddable":true,"href":"https:\/\/www.astro.sk\/iau100\/bezovec\/index.php\/wp-json\/wp\/v2\/comments?post=397"}],"version-history":[{"count":6,"href":"https:\/\/www.astro.sk\/iau100\/bezovec\/index.php\/wp-json\/wp\/v2\/pages\/397\/revisions"}],"predecessor-version":[{"id":463,"href":"https:\/\/www.astro.sk\/iau100\/bezovec\/index.php\/wp-json\/wp\/v2\/pages\/397\/revisions\/463"}],"up":[{"embeddable":true,"href":"https:\/\/www.astro.sk\/iau100\/bezovec\/index.php\/wp-json\/wp\/v2\/pages\/235"}],"wp:attachment":[{"href":"https:\/\/www.astro.sk\/iau100\/bezovec\/index.php\/wp-json\/wp\/v2\/media?parent=397"}],"curies":[{"name":"wp","href":"https:\/\/api.w.org\/{rel}","templated":true}]}}