{"id":232,"date":"2020-05-19T09:22:36","date_gmt":"2020-05-19T07:22:36","guid":{"rendered":"https:\/\/www.astro.sk\/iau100\/bezovec\/?page_id=232"},"modified":"2022-03-09T08:56:16","modified_gmt":"2022-03-09T07:56:16","slug":"year-2019","status":"publish","type":"page","link":"https:\/\/www.astro.sk\/iau100\/bezovec\/index.php\/previous-conferences\/year-2019\/","title":{"rendered":"Bezovec 2019 &#8211; Conference about successes of stellar astronomy"},"content":{"rendered":"<p lang=\"en-US\" style=\"margin: 0in; font-family: Calibri; font-size: 11pt; text-align: justify;\">The meetings at Bezovec, which had their 51nd sequel in 2019 belong the leading events of <span style=\"font-style: italic;\">the Slovak Astronomical Society of the Slovak Academy of Sciences<\/span>. Traditionally, they allow the exchange of experience between professional astronomers and variable stars observers, especially among students and youth actively working in astronomical clubs throughout Slovakia.<\/p>\n<p lang=\"en-US\" style=\"margin: 0in; font-family: Calibri; font-size: 11pt; text-align: justify;\">The focus of the conference was not just on variable stars, but covers a wide range of topics of stellar astrophysics, from exoplanets to cosmology. Contributions were presented in the form of review lectures, regular talks, and posters.<\/p>\n<p lang=\"en-US\" style=\"margin: 0in; font-family: Calibri; font-size: 11pt; text-align: justify;\">The Bezovec conferences are very well known not only for their valuable scientific program but also for their rich social activities, which include a welcome party, walking trips to Bezovec hill or the ruins of Temat\u00edn Castle and a conference dinner.<\/p>\n<p style=\"margin: 0in; font-family: Calibri; font-size: 11.0pt;\"><em>The Bezovec conference stories by <\/em>(very long-term chair of these meetings) <em>Ladislav Hric.<\/em><\/p>\n<p style=\"margin: 0in; font-family: Calibri; font-size: 11pt; text-align: justify;\">The conferences on Bezovec are in the spirit of extraordinary events. One of the famous stories tells about the group of astronomers from Ond\u0159ejov who had to elect the candidates to the Federal Assembly during the journey to Bezovec. They executed this election under Bradlo mound in Ko\u0161arisk\u00e1 village, and so far, the fame of this event has been spoken in the local pub.<\/p>\n<p style=\"margin: 0in; font-family: Calibri; font-size: 11pt; text-align: justify;\">The closing event is the election of the Slovak president that was realized in a chalet of Slovakofarma. In 2001, the other adventure on Bezovec was the summation of inhabitants and other things related to the summation and it was executed at the turn of Saturday and Sunday at 2:00 am.<\/p>\n<p style=\"margin: 0in; font-family: Calibri; font-size: 11pt; text-align: justify;\">Bezovec 2002 was exceptional not only in terms of performance but also by the execution of election in the brotherly Czech Republic. We claimed that our governments do it out of spite of us and that they do not discuss the terms of their activities with our SOC.<\/p>\n<p style=\"margin: 0in; font-family: Calibri; font-size: 11pt; text-align: justify;\">2003 was the next extraordinary year in Bezovec, because the organizers with the highest effort of energy ensured the exceptional astronomical event for participants \u2013 the Solar eclipse that was possible to observe from the top of Bezovec hill either on Friday late at night or on Saturday early in the morning, according to the wishes of each participant of the conference.<\/p>\n<h3><\/h3>\n<h3>Gallery<\/h3>\n<p><a href=\"https:\/\/www.astro.sk\/iau100\/bezovec\/wp-content\/uploads\/2020\/05\/Bezovec_2019-scaled.jpg\"><img loading=\"lazy\" decoding=\"async\" class=\"aligncenter wp-image-268 size-large\" src=\"https:\/\/www.astro.sk\/iau100\/bezovec\/wp-content\/uploads\/2020\/05\/Bezovec_2019-1024x707.jpg\" alt=\"\" width=\"790\" height=\"545\" srcset=\"https:\/\/www.astro.sk\/iau100\/bezovec\/wp-content\/uploads\/2020\/05\/Bezovec_2019-1024x707.jpg 1024w, https:\/\/www.astro.sk\/iau100\/bezovec\/wp-content\/uploads\/2020\/05\/Bezovec_2019-300x207.jpg 300w, https:\/\/www.astro.sk\/iau100\/bezovec\/wp-content\/uploads\/2020\/05\/Bezovec_2019-768x531.jpg 768w, https:\/\/www.astro.sk\/iau100\/bezovec\/wp-content\/uploads\/2020\/05\/Bezovec_2019-1536x1061.jpg 1536w, https:\/\/www.astro.sk\/iau100\/bezovec\/wp-content\/uploads\/2020\/05\/Bezovec_2019-2048x1415.jpg 2048w\" sizes=\"(max-width: 790px) 100vw, 790px\" \/><\/a><\/p>\n<hr \/>\n<h3>Program<\/h3>\n<h4>Friday, May 31, 2019<\/h4>\n<p style=\"padding-left: 40px;\"><span class=\"list-count\">17:00 &#8211; <\/span><strong>Registration of participants<br \/>\n<\/strong><span class=\"list-count\">18:00 &#8211; <\/span><em>Poster session<br \/>\n<\/em><span class=\"list-count\">19:00 &#8211; <\/span>\u00a0Dinner<br \/>\n<span class=\"list-count\">20:00 &#8211; <\/span><em>IAU100 session<\/em><\/p>\n<p style=\"padding-left: 80px;\"><span style=\"color: #808080;\">20:00 &#8211; Rudolf G\u00e1lis, Jaroslav Merc<em> &#8211; <\/em><\/span><span style=\"font-style: italic;\"><span style=\"color: #808080;\">IAU: 100 years under one sky<\/span><\/span><\/p>\n<p style=\"padding-left: 40px;\"><span class=\"list-count\">21:00 &#8211;<\/span> Welcome cocktail<\/p>\n<hr \/>\n<h4>Saturday, June 1, 2019<\/h4>\n<p style=\"padding-left: 40px;\"><span class=\"list-count\">08:30 &#8211; <\/span>Breakfast<br \/>\n<span class=\"list-count\">09:15 &#8211; O<\/span>pening ceremony<br \/>\n<span class=\"list-count\">09:30 &#8211; <\/span><em>Scientific session 1 <\/em><\/p>\n<p style=\"padding-left: 80px;\"><span style=\"color: #808080;\">09:30 &#8211; \u013dubom\u00edr Hamb\u00e1lek &#8211; <span style=\"font-style: italic;\">Optical variability of T Tauri stars from ground-based and Kepler observation<br \/>\n<\/span>10:00 &#8211; Andrii Maliuk, J\u00e1n Budaj &#8211; <span style=\"font-style: italic;\">Spatial distribution of exoplanet host stars from Kepler and GAIA data<br \/>\n<\/span>10:30 &#8211; Jaroslav Merc, Rudolf G\u00e1lis, Marek Wolf &#8211; <\/span><span style=\"font-style: italic;\"><span style=\"color: #808080;\">New Online Database of Symbiotic Variables<\/span><\/span><\/p>\n<p style=\"padding-left: 40px;\"><span class=\"list-count\">11:00 &#8211; <\/span>Coffee break<br \/>\n<span class=\"list-count\">11:30 &#8211; <\/span><em>Scientific session\u00a0 2<\/em><\/p>\n<p style=\"padding-left: 80px;\"><span style=\"color: #808080;\">11:30 &#8211; Rudolf G\u00e1lis, Jaroslav Merc, Radoslava Bodn\u00e1rov\u00e1 &#8211; <span style=\"font-style: italic;\">Long-term variability of intermediate polars<br \/>\n<\/span><\/span><span style=\"color: #808080;\"><span lang=\"en-GB\">12:00 &#8211; <\/span><span lang=\"sk\">Pavol A. Dubovsk\u00fd &#8211; <\/span><\/span><span lang=\"en-GB\" style=\"font-style: italic;\"><span style=\"color: #808080;\">About the dependency of the spin maxima on orbital phase in the intermediate polar MU Cam<\/span><br \/>\n<\/span><\/p>\n<p style=\"padding-left: 40px;\"><em><span class=\"list-count\">13:00 &#8211; <\/span>Lunch<br \/>\n<\/em><span class=\"list-count\">14:00 &#8211; <\/span>Conference trip (Bezovec Hill or Temat\u00edn Castle)<br \/>\n<span class=\"list-count\">17:00 &#8211; <\/span>Coffee break<br \/>\n<span class=\"list-count\">17:30 &#8211; S<\/span><em>cientific session 3<\/em><\/p>\n<p style=\"padding-left: 80px;\"><span lang=\"en-GB\"><span style=\"color: #808080;\">17:30 &#8211; Jaroslav Merc, Rudolf G\u00e1lis, <\/span><\/span><span style=\"color: #808080;\"><span lang=\"sk\">Fran\u00e7ois<\/span><span lang=\"en-GB\"> Teyssier, <\/span>David Boyd, Laurits Leedj\u00e4rv, Marek Wolf <span lang=\"en-GB\">&#8211;<\/span><span lang=\"en-GB\" style=\"font-style: italic;\"> Spectroscopic study of (up to) four outbursts of the four symbiotic stars in the recent four years<br \/>\n<\/span><span lang=\"en-GB\">18:00 &#8211; <\/span><span lang=\"sk\">Martin Vra\u0161\u0165\u00e1k &#8211; <\/span><\/span><span lang=\"en-GB\" style=\"font-style: italic;\"><span style=\"color: #808080;\">Photometric and spectroscopic observation of symbiotic variables at private observatory Liptovsk\u00e1 \u0160tiavnica<\/span><\/span><\/p>\n<p style=\"padding-left: 40px;\"><span class=\"list-count\">19:00 &#8211; <\/span>Dinner<br \/>\n<span class=\"list-count\">20:00 &#8211; <\/span><em>\u2018Astronomers on the Roads\u2019 session<\/em><\/p>\n<p style=\"padding-left: 80px;\"><span style=\"color: #808080;\">20:00 &#8211; M\u00e1ria Hricov\u00e1 Bartolomejov\u00e1, Ladislav Hric &#8211; <\/span><span style=\"font-style: italic;\"><span style=\"color: #808080;\">13 years involved in AO and IOAA<\/span><\/span><\/p>\n<p style=\"padding-left: 40px;\"><span class=\"list-count\">21:00 &#8211; <\/span>Supper<\/p>\n<hr \/>\n<h4>Sunday, June 2, 2019<\/h4>\n<p style=\"padding-left: 40px;\"><span class=\"list-count\">09:15 &#8211; <\/span>Breakfast<br \/>\n<span class=\"list-count\">10:00 &#8211; <\/span><em>Scientific session 4<\/em><\/p>\n<p style=\"padding-left: 80px;\"><span lang=\"en-GB\"><span style=\"color: #808080;\">10:00 &#8211; <\/span><\/span><span style=\"color: #808080;\"><span lang=\"sk\">Cyril \u0160olc &#8211; <\/span><span lang=\"en-GB\" style=\"font-style: italic;\">Rockets to the Moon<br \/>\n<\/span><\/span><span style=\"color: #808080;\"><span lang=\"en-GB\">10:30 &#8211; <\/span><span lang=\"sk\">Svetoz\u00e1r \u0160tefe\u010dek &#8211; <\/span><\/span><span lang=\"en-GB\" style=\"font-style: italic;\"><span style=\"color: #808080;\">50th Anniversary of the Moon Landing<\/span><\/span><\/p>\n<p style=\"padding-left: 40px;\"><span class=\"list-count\">11:30 &#8211; <\/span>Closing Ceremony<br \/>\n<span class=\"list-count\">12:00 &#8211; <\/span>Lunch<\/p>\n","protected":false},"excerpt":{"rendered":"<p>The meetings at Bezovec, which had their 51nd sequel in 2019 belong the leading events of the Slovak Astronomical Society&hellip; <\/p>\n","protected":false},"author":1,"featured_media":0,"parent":235,"menu_order":0,"comment_status":"closed","ping_status":"closed","template":"","meta":{"footnotes":""},"_links":{"self":[{"href":"https:\/\/www.astro.sk\/iau100\/bezovec\/index.php\/wp-json\/wp\/v2\/pages\/232"}],"collection":[{"href":"https:\/\/www.astro.sk\/iau100\/bezovec\/index.php\/wp-json\/wp\/v2\/pages"}],"about":[{"href":"https:\/\/www.astro.sk\/iau100\/bezovec\/index.php\/wp-json\/wp\/v2\/types\/page"}],"author":[{"embeddable":true,"href":"https:\/\/www.astro.sk\/iau100\/bezovec\/index.php\/wp-json\/wp\/v2\/users\/1"}],"replies":[{"embeddable":true,"href":"https:\/\/www.astro.sk\/iau100\/bezovec\/index.php\/wp-json\/wp\/v2\/comments?post=232"}],"version-history":[{"count":13,"href":"https:\/\/www.astro.sk\/iau100\/bezovec\/index.php\/wp-json\/wp\/v2\/pages\/232\/revisions"}],"predecessor-version":[{"id":576,"href":"https:\/\/www.astro.sk\/iau100\/bezovec\/index.php\/wp-json\/wp\/v2\/pages\/232\/revisions\/576"}],"up":[{"embeddable":true,"href":"https:\/\/www.astro.sk\/iau100\/bezovec\/index.php\/wp-json\/wp\/v2\/pages\/235"}],"wp:attachment":[{"href":"https:\/\/www.astro.sk\/iau100\/bezovec\/index.php\/wp-json\/wp\/v2\/media?parent=232"}],"curies":[{"name":"wp","href":"https:\/\/api.w.org\/{rel}","templated":true}]}}