{"id":10,"date":"2018-12-04T19:04:37","date_gmt":"2018-12-04T18:04:37","guid":{"rendered":"https:\/\/www.astro.sk\/iau100\/bezovec\/?page_id=10"},"modified":"2026-03-14T13:00:28","modified_gmt":"2026-03-14T12:00:28","slug":"venue","status":"publish","type":"page","link":"https:\/\/www.astro.sk\/iau100\/bezovec\/index.php\/venue\/","title":{"rendered":"Venue"},"content":{"rendered":"<p style=\"text-align: justify;\"><a href=\"https:\/\/sk.wikipedia.org\/wiki\/Bezovec\"><em>Bezovec<\/em><\/a> is a famous tourist locality with wild nature in the heart of Slovakia under <em>Bezovec hill<\/em>. <span class=\"tlid-translation translation\" lang=\"en\"><span class=\"\" title=\"\">This year, as usual, the conference will be held in the <a href=\"https:\/\/penzionnabezovci.sk\/\"><em>Guesthouse on Bezovec <\/em><\/a>(see below)<\/span><\/span>.<\/p>\n<p style=\"text-align: justify;\">Transport: <span class=\"tlid-translation translation\" lang=\"en\"><span class=\"\" title=\"\">The best way to get to <em>Bezovec<\/em> is through the famous Slovak spa town of <em>Pie\u0161\u0165any<\/em>. <\/span><\/span>On Friday and Saturday, you can take the buses from the coach station in <em>Pie\u0161\u0165any<\/em> toward <em>Nov\u00e1 Lehota<\/em> (stop Nov\u00e1 Lehota, Bezovec) as follows:<\/p>\n<p>on Friday: 14:35 (transfer: Modrov\u00e1), 16:15 (transfer: Modrov\u00e1), 18:25<br \/>\non Saturday: 8:10 (transfer: Modrov\u00e1), 12:10 (transfer: Modrov\u00e1), 16:10 (transfer: Modrov\u00e1)<\/p>\n<p><a href=\"https:\/\/penzionnabezovci.sk\/\"><strong>Guesthouse on Bezovec<\/strong><\/a><br \/>\nNov\u00e1 Lehota 228<br \/>\nModrov\u00e1, 916 35<br \/>\nSlovak Republic<\/p>\n<p><strong>Tel.:<\/strong> +421 907 847 122<\/p>\n","protected":false},"excerpt":{"rendered":"<p>Bezovec is a famous tourist locality with wild nature in the heart of Slovakia under Bezovec hill. This year, as&hellip; <\/p>\n","protected":false},"author":1,"featured_media":606,"parent":0,"menu_order":0,"comment_status":"closed","ping_status":"closed","template":"","meta":{"footnotes":""},"_links":{"self":[{"href":"https:\/\/www.astro.sk\/iau100\/bezovec\/index.php\/wp-json\/wp\/v2\/pages\/10"}],"collection":[{"href":"https:\/\/www.astro.sk\/iau100\/bezovec\/index.php\/wp-json\/wp\/v2\/pages"}],"about":[{"href":"https:\/\/www.astro.sk\/iau100\/bezovec\/index.php\/wp-json\/wp\/v2\/types\/page"}],"author":[{"embeddable":true,"href":"https:\/\/www.astro.sk\/iau100\/bezovec\/index.php\/wp-json\/wp\/v2\/users\/1"}],"replies":[{"embeddable":true,"href":"https:\/\/www.astro.sk\/iau100\/bezovec\/index.php\/wp-json\/wp\/v2\/comments?post=10"}],"version-history":[{"count":33,"href":"https:\/\/www.astro.sk\/iau100\/bezovec\/index.php\/wp-json\/wp\/v2\/pages\/10\/revisions"}],"predecessor-version":[{"id":1115,"href":"https:\/\/www.astro.sk\/iau100\/bezovec\/index.php\/wp-json\/wp\/v2\/pages\/10\/revisions\/1115"}],"wp:featuredmedia":[{"embeddable":true,"href":"https:\/\/www.astro.sk\/iau100\/bezovec\/index.php\/wp-json\/wp\/v2\/media\/606"}],"wp:attachment":[{"href":"https:\/\/www.astro.sk\/iau100\/bezovec\/index.php\/wp-json\/wp\/v2\/media?parent=10"}],"curies":[{"name":"wp","href":"https:\/\/api.w.org\/{rel}","templated":true}]}}