{"id":305,"date":"2019-10-01T19:44:07","date_gmt":"2019-10-01T17:44:07","guid":{"rendered":"https:\/\/www.astro.sk\/iau100\/astronomickeslovensko\/?page_id=305"},"modified":"2023-10-27T10:03:17","modified_gmt":"2023-10-27T08:03:17","slug":"program-s-prezentaciami","status":"publish","type":"page","link":"https:\/\/www.astro.sk\/iau100\/astronomickeslovensko\/index.php\/program-s-prezentaciami\/","title":{"rendered":"Program"},"content":{"rendered":"<hr \/>\n<h4>Streda, 27. septembra 2023<\/h4>\n<p style=\"padding-left: 40px;\">13:00 &#8211;\u00a0Registr\u00e1cia \u00fa\u010dastn\u00edkov<strong><br \/>\n<\/strong>15:00 &#8211; <em>Zah\u00e1jenie konferencie<\/em><br \/>\n15:10 &#8211; <em>Konferen\u010dn\u00fd blok 1<\/em><\/p>\n<p style=\"padding-left: 90px;\"><strong><em>Michal \u0160turc<\/em>, Roman Nagy &#8211; <a href=\"https:\/\/www.astro.sk\/iau100\/astronomickeslovensko\/wp-content\/uploads\/2023\/10\/01_Sturc-MFF_UK.pdf\">Astron\u00f3mia na MatFyze &#8211; od vedy k populariz\u00e1cii<\/a><\/strong><\/p>\n<p style=\"padding-left: 90px;\"><strong><em>Peter Ka\u0148uk<\/em> &#8211; <a href=\"https:\/\/www.astro.sk\/iau100\/astronomickeslovensko\/wp-content\/uploads\/2023\/10\/02_Kanuk-CVC_Kosice.pdf\">Astronomick\u00e9 kr\u00fa\u017eky v Centre vo\u013en\u00e9ho \u010dasu<\/a><\/strong><\/p>\n<p style=\"padding-left: 90px;\"><strong><em>Igor Parnahaj<\/em> &#8211; <a href=\"https:\/\/www.astro.sk\/iau100\/astronomickeslovensko\/wp-content\/uploads\/2023\/10\/03_Parnahaj_Hvezdaren_Michalovce.pdf\">Populariza\u010dno-vzdel\u00e1vacia \u010dinnos\u0165 hvezd\u00e1rne v\u00a0Michalovciach<\/a><\/strong><\/p>\n<p style=\"padding-left: 40px;\">16:20 &#8211; Prest\u00e1vka<br \/>\n17:00 &#8211;<em> Konferen\u010dn\u00fd blok 2<\/em><\/p>\n<p style=\"padding-left: 90px;\"><strong><em>Jana \u0160vr\u010dkov\u00e1<\/em> &#8211; <a href=\"https:\/\/www.astro.sk\/iau100\/astronomickeslovensko\/wp-content\/uploads\/2023\/10\/04_Svrckova-Sobotiste.pdf\">Vzdel\u00e1vacie a populariza\u010dn\u00e9 aktivity Hvezd\u00e1rne v\u00a0Soboti\u0161ti<\/a><\/strong><\/p>\n<p style=\"padding-left: 90px;\"><strong><em>J\u00e1n M\u00e4siar<\/em> &#8211; <a href=\"https:\/\/www.astro.sk\/iau100\/astronomickeslovensko\/wp-content\/uploads\/2023\/10\/05_Masiar-Krajska_hvezdaren_Zilina.pdf\">SMART kult\u00fara \u017dSK a jej aplik\u00e1cia na pracovisk\u00e1ch Krajskej hvezd\u00e1rne v\u00a0\u017diline<\/a><\/strong><\/p>\n<p style=\"padding-left: 90px;\"><strong><em>Vladim\u00edr Me\u0161ter<\/em>, Peter Cabuka &#8211; <a href=\"https:\/\/www.astro.sk\/iau100\/astronomickeslovensko\/wp-content\/uploads\/2023\/10\/06_Mester-Hvezdaren_Partizanske.pdf\">Hvezd\u00e1re\u0148 v Partiz\u00e1nskom v zrkadle \u010dasu<\/a><\/strong><\/p>\n<p style=\"padding-left: 90px;\"><strong><em>\u013dubom\u00edra Hujsov\u00e1<\/em> &#8211; <a href=\"https:\/\/www.astro.sk\/iau100\/astronomickeslovensko\/wp-content\/uploads\/2023\/10\/07_Hujsova-DSB_Observatorium.pdf\">DSB Observatorium &#8211; hvezd\u00e1re\u0148 v Deutsche Schule Bratislava<\/a><\/strong><\/p>\n<p style=\"padding-left: 40px;\">18:30 &#8211; Ve\u010dera<br \/>\n20:00 &#8211; Uv\u00edtac\u00ed kokteil<br \/>\n<em>\u00a0 \u00a0 \u00a0 \u00a0 \u00a0 \u00a0 \u00a0 Prezent\u00e1cia v\u00fdstav a v\u00fdvesiek<\/em><\/p>\n<p style=\"padding-left: 90px;\"><strong>Tom\u00e1\u0161 Dobrovodsk\u00fd, Valent\u00edn Korinek &#8211; Prezent\u00e1cia KHaP MH v \u017diari nad Hronom (roll-up)<\/strong><\/p>\n<p style=\"padding-left: 90px;\"><strong>J\u00e1n M\u00e4siar, Stanislav Kaniansky \u2013 Farebn\u00e1 hra vesm\u00edru (v\u00fdstava)<\/strong><\/p>\n<hr \/>\n<h4>\u0160tvrtok, 28. septembra 2023<\/h4>\n<p style=\"padding-left: 40px;\">08:00 &#8211; Ra\u0148ajky<br \/>\n09:00 &#8211; <em>Konferen\u010dn\u00fd blok 3<\/em><\/p>\n<p style=\"padding-left: 90px;\"><strong><em>Tom\u00e1\u0161 Dobrovodsk\u00fd<\/em>, Valent\u00edn Korinek &#8211; <a href=\"https:\/\/www.astro.sk\/iau100\/astronomickeslovensko\/wp-content\/uploads\/2023\/10\/01_Dobrovodsky-Planetarium_ZnH.pdf\">Netradi\u010dn\u00e9 formy populariz\u00e1cie astron\u00f3mie ako odpove\u010f na v\u00fdzvy s\u00fa\u010dasnosti<\/a><\/strong><\/p>\n<p style=\"padding-left: 90px;\"><strong><em>Stanislav Kaniansky<\/em> &#8211; <a href=\"https:\/\/www.astro.sk\/iau100\/astronomickeslovensko\/wp-content\/uploads\/2023\/10\/02_Kaniansky-Techniky_popularizacie_v_HBB.pdf\">Techniky populariz\u00e1cie astron\u00f3mie vo Hvezd\u00e1rni v Banskej Bystrici<\/a><\/strong><\/p>\n<p style=\"padding-left: 90px;\"><strong><em>Peter Miklo\u0161<\/em> &#8211; <a href=\"https:\/\/www.astro.sk\/iau100\/astronomickeslovensko\/wp-content\/uploads\/2023\/10\/03_Miklos-AO_Kolonica.pdf\">Novinky z\u00a0Astronomick\u00e9ho observat\u00f3ria na Kolonickom sedle<\/a><\/strong><\/p>\n<p style=\"padding-left: 40px;\">10:10 &#8211; Prest\u00e1vka<br \/>\n10:50 &#8211; <em>Konferen\u010dn\u00fd blok 4<\/em><\/p>\n<p style=\"padding-left: 90px;\"><strong><em>Roman \u0160vihor\u00edk, Milo\u0161 Obert<\/em>, \u00a0\u2013 <a href=\"https:\/\/www.astro.sk\/iau100\/astronomickeslovensko\/wp-content\/uploads\/2023\/10\/04b_Obert-SZA.pdf\">Slovensk\u00fd zv\u00e4z astron\u00f3mov<\/a><\/strong><\/p>\n<p style=\"padding-left: 90px;\"><strong>Juraj Kubica, Peter Volek, Patrik \u010cechvala, <em>Peter Bartek<\/em>, Peter Wachter &#8211; <a href=\"https:\/\/www.astro.sk\/iau100\/astronomickeslovensko\/wp-content\/uploads\/2023\/10\/05_Bartek-Slovenske_planetaria.pdf\">Ob\u010dianske zdru\u017eenie Slovensk\u00e9 planet\u00e1ri\u00e1 &#8211; astronomick\u00e9 aktivity v Bratislave a\u00a0okol\u00ed<\/a><\/strong><\/p>\n<p style=\"padding-left: 90px;\"><strong><em>Peter Bartek<\/em> &#8211; <a href=\"https:\/\/www.astro.sk\/iau100\/astronomickeslovensko\/wp-content\/uploads\/2023\/10\/06_Bartek_Planetarium_BA.pdf\">(Ne-)astronomick\u00e1 Bratislava alebo smutn\u00fd pr\u00edbeh \u010fal\u0161ieho neuskuto\u010dnen\u00e9ho projektu<\/a><\/strong><\/p>\n<p style=\"padding-left: 90px;\"><strong><em>Vladim\u00edr Bah\u00fdl<\/em> &#8211; Hvezd\u00e1re\u0148 &#8222;J\u00falia&#8220;, 14 rokov pozorovan\u00ed, populariz\u00e1cie astron\u00f3mie a vedeckej pr\u00e1ce<\/strong><\/p>\n<p style=\"padding-left: 40px;\">12:20 &#8211; Spolo\u010dn\u00e1 konferen\u010dn\u00e1 fotografia<br \/>\n12:30 &#8211; Obed<br \/>\n14:00 &#8211; <em>Konferen\u010dn\u00fd blok 5<\/em><\/p>\n<p style=\"padding-left: 90px;\"><strong><em>Mari\u00e1n Vidovenec<\/em> &#8211; <a href=\"https:\/\/www.astro.sk\/iau100\/astronomickeslovensko\/wp-content\/uploads\/2023\/10\/01_Vidovenec-Nova_forma_financovania_sutazi.pdf\">Nov\u00e1 forma financovania a podpory podujat\u00ed a s\u00fa\u0165a\u017e\u00ed vyhlasovan\u00fdch Slovenskou \u00fastrednou hvezd\u00e1r\u0148ou, prv\u00e9 sk\u00fasenosti<\/a><\/strong><\/p>\n<p style=\"padding-left: 90px;\"><strong><em>Jana \u0160vr\u010dkov\u00e1<\/em>, Radovan Lascs\u00e1k, Samuel Amrich &#8211; <a href=\"https:\/\/www.astro.sk\/iau100\/astronomickeslovensko\/wp-content\/uploads\/2023\/10\/03_04_Amrich-AO.pdf\">Astronomick\u00e1 olympi\u00e1da I<\/a><\/strong><\/p>\n<p style=\"padding-left: 90px;\"><strong>Jana \u0160vr\u010dkov\u00e1, <em>Radovan Lascs\u00e1k<\/em>, <em>Samuel Amrich<\/em> &#8211; <a href=\"https:\/\/www.astro.sk\/iau100\/astronomickeslovensko\/wp-content\/uploads\/2023\/10\/03_04_Amrich-AO.pdf\">Astronomick\u00e1 olympi\u00e1da II<\/a><\/strong><\/p>\n<p style=\"padding-left: 40px;\">15:20 &#8211; Prest\u00e1vka<br \/>\n16:00 &#8211; <em>Konferen\u010dn\u00fd blok 6<\/em><\/p>\n<p style=\"padding-left: 90px;\"><strong><em>\u013dubom\u00edra Hujsov\u00e1<\/em> &#8211; <a href=\"https:\/\/www.astro.sk\/iau100\/astronomickeslovensko\/wp-content\/uploads\/2023\/10\/04_Hujsova-Ahoj_vesmir.pdf\">V\u00fdlet do vesm\u00edru<\/a><\/strong><\/p>\n<p style=\"padding-left: 90px;\"><strong><em>Rudolf G\u00e1lis<\/em>, Peter Ka\u0148uk &#8211; <a href=\"https:\/\/www.astro.sk\/iau100\/astronomickeslovensko\/wp-content\/uploads\/2023\/10\/05_Galis-S_dalekohladom_na_cestach.pdf\">S \u010falekoh\u013eadom na cest\u00e1ch<\/a><\/strong><\/p>\n<p style=\"padding-left: 90px;\"><strong><em>Jaroslav \u0160imon<\/em> &#8211; <a href=\"https:\/\/www.astro.sk\/iau100\/astronomickeslovensko\/wp-content\/uploads\/2023\/10\/06_Simon-Kozmo.pdf\">KOZMO a jeho dobrodru\u017estv\u00e1<\/a><\/strong><\/p>\n<p style=\"padding-left: 90px;\"><strong><em>\u013dubom\u00edr Hamb\u00e1lek<\/em> &#8211; <a href=\"https:\/\/www.astro.sk\/iau100\/astronomickeslovensko\/wp-content\/uploads\/2023\/10\/07_Hambalek_Stellarium.pdf\">Stellarium a jeho slovensk\u00e1 jazykov\u00e1 mut\u00e1cia<\/a><\/strong><\/p>\n<p style=\"padding-left: 40px;\">17:30 &#8211; <em>Panelov\u00e1 diskusia<\/em><br \/>\n18:30 &#8211; Konferen\u010dn\u00e1 ve\u010dera<\/p>\n<hr \/>\n<h4>Piatok, 29. septembra 2023<\/h4>\n<p style=\"padding-left: 40px;\">08:00 &#8211; Ra\u0148ajky<br \/>\n09:00 &#8211; <em>Konferen\u010dn\u00fd blok 7<\/em><\/p>\n<p style=\"padding-left: 90px;\"><strong><em>\u0160imon Mackovjak<\/em> &#8211; <a href=\"https:\/\/www.astro.sk\/iau100\/astronomickeslovensko\/wp-content\/uploads\/2023\/10\/01_Mackovjak-East_Slovak_Space_Cluster.pdf\">East Slovak Space Cluster<\/a><\/strong><\/p>\n<p style=\"padding-left: 90px;\"><strong><em>Peter Butka<\/em> &#8211; <a href=\"https:\/\/www.astro.sk\/iau100\/astronomickeslovensko\/wp-content\/uploads\/2023\/10\/02_Butka-Studijne_plany_kozmickej_bezpecnosti.pdf\">Projekt SK-S2P-Edu &#8211; \u00faprava \u0161tudijn\u00fdch pl\u00e1nov v kontexte vedeck\u00fdch a technick\u00fdch zru\u010dnost\u00ed pre oblas\u0165 kozmickej bezpe\u010dnosti<\/a><\/strong><\/p>\n<p style=\"padding-left: 90px;\"><strong><em>Eduard Ko\u010di<\/em> &#8211; <a href=\"https:\/\/www.astro.sk\/iau100\/astronomickeslovensko\/wp-content\/uploads\/2023\/10\/03_Koci-Statistika_KULT.pdf\">\u0160tatistika KULT alebo &#8222;Ako sme ust\u00e1li Koronu&#8220;<\/a><\/strong><\/p>\n<p style=\"padding-left: 40px;\">10:10 &#8211; Prest\u00e1vka<br \/>\n10:50 &#8211; <em>Konferen\u010dn\u00fd blok 8<\/em><\/p>\n<p style=\"padding-left: 90px;\"><strong><em>Peter Bartek<\/em> &#8211; Vyu\u017eitie infra\u010dervenej a ultrafialovej fotografie pri pozn\u00e1van\u00ed sveta okolo n\u00e1s<\/strong><\/p>\n<p style=\"padding-left: 90px;\"><strong><em>Pavol Rapav\u00fd<\/em>, Milan Gargul\u00e1k, Peter Begeni &#8211; <a href=\"https:\/\/www.astro.sk\/iau100\/astronomickeslovensko\/wp-content\/uploads\/2023\/10\/05_Rapavy-Meteority_new.pdf\">Slovensk\u00e9 meteority<\/a><\/strong><\/p>\n<p style=\"padding-left: 90px;\"><strong>Pavol Rapav\u00fd, Milan Gargul\u00e1k, <em>Peter Begeni<\/em> &#8211; <a href=\"https:\/\/www.astro.sk\/iau100\/astronomickeslovensko\/wp-content\/uploads\/2023\/10\/06_Begeni-Knahyna.pdf\">Meteorit K\u0148ahy\u0148a<\/a><\/strong><\/p>\n<p style=\"padding-left: 90px;\"><strong><em>Milan Litavsk\u00fd<\/em> &#8211; \u0160tyridsa\u0165 rokov od konferencie Kozmog\u00e9nne vplyvy na \u010dloveka (Tatransk\u00e1 Lomnica 17.-19. 5. 1984)<\/strong><\/p>\n<p style=\"padding-left: 40px;\">12:20 &#8211; Ukon\u010denie konferencie<br \/>\n12:30 &#8211; Obed<\/p>\n<hr \/>\n<h2>Zborn\u00edk abstraktov<\/h2>\n<p style=\"text-align: justify;\">Registrov\u00e9 abstrakty pr\u00edspevkov spolu so zoznamom \u00fa\u010dastn\u00edkov, programom a kr\u00e1tkym zhodnoten\u00edm konferencie je mo\u017en\u00e9 n\u00e1js\u0165 v <a href=\"https:\/\/www.astro.sk\/iau100\/astronomickeslovensko\/wp-content\/uploads\/2023\/10\/AS2023_abstract_book.pdf\">zborn\u00edku abstraktov (pdf)<\/a>.<\/p>\n","protected":false},"excerpt":{"rendered":"<p>Streda, 27. septembra 2023 13:00 &#8211;\u00a0Registr\u00e1cia \u00fa\u010dastn\u00edkov 15:00 &#8211; Zah\u00e1jenie konferencie 15:10 &#8211; Konferen\u010dn\u00fd blok 1 Michal \u0160turc, Roman Nagy\u2026 <\/p>\n","protected":false},"author":1,"featured_media":405,"parent":0,"menu_order":0,"comment_status":"closed","ping_status":"closed","template":"","meta":{"ngg_post_thumbnail":0},"_links":{"self":[{"href":"https:\/\/www.astro.sk\/iau100\/astronomickeslovensko\/index.php\/wp-json\/wp\/v2\/pages\/305"}],"collection":[{"href":"https:\/\/www.astro.sk\/iau100\/astronomickeslovensko\/index.php\/wp-json\/wp\/v2\/pages"}],"about":[{"href":"https:\/\/www.astro.sk\/iau100\/astronomickeslovensko\/index.php\/wp-json\/wp\/v2\/types\/page"}],"author":[{"embeddable":true,"href":"https:\/\/www.astro.sk\/iau100\/astronomickeslovensko\/index.php\/wp-json\/wp\/v2\/users\/1"}],"replies":[{"embeddable":true,"href":"https:\/\/www.astro.sk\/iau100\/astronomickeslovensko\/index.php\/wp-json\/wp\/v2\/comments?post=305"}],"version-history":[{"count":29,"href":"https:\/\/www.astro.sk\/iau100\/astronomickeslovensko\/index.php\/wp-json\/wp\/v2\/pages\/305\/revisions"}],"predecessor-version":[{"id":480,"href":"https:\/\/www.astro.sk\/iau100\/astronomickeslovensko\/index.php\/wp-json\/wp\/v2\/pages\/305\/revisions\/480"}],"wp:featuredmedia":[{"embeddable":true,"href":"https:\/\/www.astro.sk\/iau100\/astronomickeslovensko\/index.php\/wp-json\/wp\/v2\/media\/405"}],"wp:attachment":[{"href":"https:\/\/www.astro.sk\/iau100\/astronomickeslovensko\/index.php\/wp-json\/wp\/v2\/media?parent=305"}],"curies":[{"name":"wp","href":"https:\/\/api.w.org\/{rel}","templated":true}]}}