{"id":180,"date":"2019-08-26T14:14:21","date_gmt":"2019-08-26T12:14:21","guid":{"rendered":"https:\/\/www.astro.sk\/iau100\/astronomickeslovensko\/?page_id=180"},"modified":"2023-09-22T10:54:16","modified_gmt":"2023-09-22T08:54:16","slug":"registrovani-ucastnici","status":"publish","type":"page","link":"https:\/\/www.astro.sk\/iau100\/astronomickeslovensko\/index.php\/registrovani-ucastnici\/","title":{"rendered":"Registrovan\u00ed \u00fa\u010dastn\u00edci"},"content":{"rendered":"<ul>\n<li><strong>Samuel Amrich<\/strong>, Matematicko-fyzik\u00e1ln\u00ed fakulta, Univerzita Karlova v Prahe<\/li>\n<li><strong>Vladim\u00edr Bah\u00fdl<\/strong>, Slovensk\u00fd zv\u00e4z astron\u00f3mov<\/li>\n<li><strong>Peter Bartek<\/strong>, Slovensk\u00e9 planet\u00e1ri\u00e1, o.z.<\/li>\n<li><strong>Peter Begeni<\/strong>, Slovensk\u00e1 astronomick\u00e1 spolo\u010dnos\u0165 pri SAV, Slovensk\u00fd zv\u00e4z astron\u00f3mov<\/li>\n<li><strong>Jozef Bez\u00e1k<\/strong>, Z\u0160 Temat\u00ednska, Nov\u00e9 Mesto nad V\u00e1hom<\/li>\n<li><strong>Peter Butka<\/strong>, Fakulta elektrotechniky a informatiky, Technick\u00e1 univerzita v Ko\u0161iciach<\/li>\n<li><strong>Peter Cabuka<\/strong>, Hvezd\u00e1re\u0148 v Partiz\u00e1nskom<\/li>\n<li><strong>Tom\u00e1\u0161 Dobrovodsk\u00fd<\/strong>, Krajsk\u00e1 hvezd\u00e1re\u0148 a planet\u00e1rium Maximili\u00e1na Hella v \u017diari nad Hronom<\/li>\n<li><strong>Rudolf G\u00e1lis<\/strong>, Pr\u00edrodovedeck\u00e1 fakulta, Univerzita Pavla Jozefa \u0160af\u00e1rika v Ko\u0161iciach<\/li>\n<li><strong>\u013dubom\u00edr Hamb\u00e1lek<\/strong>, Astronomick\u00fd \u00fastav SAV, v. v. i., Tatransk\u00e1 Lomnica<\/li>\n<li><strong>\u013dubom\u00edra Hujsov\u00e1<\/strong>, Slovensk\u00e1 astronomick\u00e1 spolo\u010dnos\u0165 pri SAV, Slovensk\u00fd zv\u00e4z astron\u00f3mov, Slovensk\u00e9 planet\u00e1ria, o.z.<\/li>\n<li><strong>Stanislav Kaniansky<\/strong>, Hvezd\u00e1re\u0148 v Banskej Bystrici<\/li>\n<li><strong>Peter Ka\u0148uk<\/strong>, Centrum vo\u013en\u00e9ho \u010dasu Ko\u0161ice<\/li>\n<li><strong>Eduard Ko\u010di<\/strong>, Slovensk\u00e1 \u00fastredn\u00e1 hvezd\u00e1re\u0148 v Hurbanove<\/li>\n<li><strong>Valent\u00edn Korinek<\/strong>, Krajsk\u00e1 hvezd\u00e1re\u0148 a planet\u00e1rium Maximili\u00e1na Hella v \u017diari nad Hronom<\/li>\n<li><strong>Radovan Lascs\u00e1k<\/strong>, Matematicko-fyzik\u00e1ln\u00ed fakulta, Univerzita Karlova v Prahe<\/li>\n<li><strong>Milan Litavsk\u00fd<\/strong>, Lintersoft j.s.a<\/li>\n<li><strong>\u0160imon Mackovjak<\/strong>, \u00dastav experiment\u00e1lnej fyziky SAV, v. v. i., Ko\u0161ice<\/li>\n<li><strong>J\u00e1n M\u00e4siar<\/strong>, Krajsk\u00e1 hvezd\u00e1re\u0148 v \u017diline<\/li>\n<li><strong>Jaroslav Merc<\/strong>, Matematicko-fyzik\u00e1ln\u00ed fakulta, Univerzita Karlova v Prahe<\/li>\n<li><strong>Vladim\u00edr Me\u0161ter<\/strong>, Hvezd\u00e1re\u0148 v Partiz\u00e1nskom<\/li>\n<li><strong>Peter Miklo\u0161<\/strong>, Vihorlatsk\u00e1 hvezd\u00e1re\u0148 v Humennom<\/li>\n<li><strong>D\u00e1vid Natafalu\u0161i<\/strong>,\u00a0Krajsk\u00e1 hvezd\u00e1re\u0148 a Zempl\u00ednske kult\u00farne centrum v Michalovciach<\/li>\n<li><strong>Milo\u0161 Obert<\/strong>, Slovensk\u00fd zv\u00e4z astron\u00f3mov<\/li>\n<li><strong>Igor Parnahaj<\/strong>, Krajsk\u00e1 hvezd\u00e1re\u0148 a Zempl\u00ednske kult\u00farne centrum v Michalovciach<\/li>\n<li><strong>Pavol Rapav\u00fd<\/strong>, Slovensk\u00fd zv\u00e4z astron\u00f3mov<\/li>\n<li><strong>Jaroslav \u0160imon<\/strong>, SOLAR Hvezd\u00e1re\u0148 Senec<\/li>\n<li><strong>\u0160tefan \u0160kuliba<\/strong>, Slovensk\u00e1 \u00fastredn\u00e1 hvezd\u00e1re\u0148 v Hurbanove<\/li>\n<li><strong>Michal \u0160turc<\/strong>, Fakulta matematiky, fyziky a informatiky, Univerzita Komensk\u00e9ho v Bratislave<\/li>\n<li><strong>Roman \u0160vihor\u00edk<\/strong>, Slovensk\u00fd zv\u00e4z astron\u00f3mov, Slovensk\u00e1 astronomick\u00e1 spolo\u010dnos\u0165 pri SAV<\/li>\n<li><strong>Jana \u0160vr\u010dkov\u00e1<\/strong>, Hvezd\u00e1re\u0148 Soboti\u0161te<\/li>\n<li><strong>Peter Veress<\/strong>, Slovensk\u00e1 astronomick\u00e1 spolo\u010dnos\u0165 pri SAV, SOLAR Hvezd\u00e1re\u0148 Senec<\/li>\n<li><strong>Mari\u00e1n Vidovenec<\/strong>, Slovensk\u00e1 \u00fastredn\u00e1 hvezd\u00e1re\u0148 v Hurbanove<\/li>\n<li><strong>M\u00e1ria Z\u00e1borsk\u00e1<\/strong>, Krajsk\u00e9 osvetov\u00e9 stredisko, Nitra<\/li>\n<\/ul>\n","protected":false},"excerpt":{"rendered":"<p>Samuel Amrich, Matematicko-fyzik\u00e1ln\u00ed fakulta, Univerzita Karlova v Prahe Vladim\u00edr Bah\u00fdl, Slovensk\u00fd zv\u00e4z astron\u00f3mov Peter Bartek, Slovensk\u00e9 planet\u00e1ri\u00e1, o.z. Peter Begeni,\u2026 <\/p>\n","protected":false},"author":1,"featured_media":0,"parent":0,"menu_order":0,"comment_status":"closed","ping_status":"closed","template":"","meta":{"ngg_post_thumbnail":0},"_links":{"self":[{"href":"https:\/\/www.astro.sk\/iau100\/astronomickeslovensko\/index.php\/wp-json\/wp\/v2\/pages\/180"}],"collection":[{"href":"https:\/\/www.astro.sk\/iau100\/astronomickeslovensko\/index.php\/wp-json\/wp\/v2\/pages"}],"about":[{"href":"https:\/\/www.astro.sk\/iau100\/astronomickeslovensko\/index.php\/wp-json\/wp\/v2\/types\/page"}],"author":[{"embeddable":true,"href":"https:\/\/www.astro.sk\/iau100\/astronomickeslovensko\/index.php\/wp-json\/wp\/v2\/users\/1"}],"replies":[{"embeddable":true,"href":"https:\/\/www.astro.sk\/iau100\/astronomickeslovensko\/index.php\/wp-json\/wp\/v2\/comments?post=180"}],"version-history":[{"count":51,"href":"https:\/\/www.astro.sk\/iau100\/astronomickeslovensko\/index.php\/wp-json\/wp\/v2\/pages\/180\/revisions"}],"predecessor-version":[{"id":434,"href":"https:\/\/www.astro.sk\/iau100\/astronomickeslovensko\/index.php\/wp-json\/wp\/v2\/pages\/180\/revisions\/434"}],"wp:attachment":[{"href":"https:\/\/www.astro.sk\/iau100\/astronomickeslovensko\/index.php\/wp-json\/wp\/v2\/media?parent=180"}],"curies":[{"name":"wp","href":"https:\/\/api.w.org\/{rel}","templated":true}]}}