{"id":17,"date":"2018-12-04T16:40:50","date_gmt":"2018-12-04T15:40:50","guid":{"rendered":"https:\/\/www.astro.sk\/iau100\/astronomickeslovensko\/?page_id=17"},"modified":"2023-02-19T18:15:40","modified_gmt":"2023-02-19T17:15:40","slug":"registracia","status":"publish","type":"page","link":"https:\/\/www.astro.sk\/iau100\/astronomickeslovensko\/index.php\/registracia\/","title":{"rendered":"Registr\u00e1cia"},"content":{"rendered":"<p style=\"text-align: justify;\"><span class=\"tlid-translation translation\" lang=\"sk\"><span title=\"\">Z d\u00f4vodu obmedzen\u00e9ho finan\u010dn\u00e9ho rozpo\u010dtu konferencie <em>Astronomick\u00e9 Slovensko 2023<\/em>, organiz\u00e1tori vyberaj\u00fa konferen\u010dn\u00fd poplatok od v\u0161etk\u00fdch \u00fa\u010dastn\u00edkov. Konferen\u010dn\u00fd poplatok je <em>70,-\u20ac<\/em> a zah\u0155\u0148a ubytovanie (dve noci) a stravovanie (2 x pln\u00e1 penzia) po\u010das konferencie. Konferen\u010dn\u00fd poplatok bude vyberan\u00fd v <em>hotovosti<\/em> po\u010das registr\u00e1cie \u00fa\u010dastn\u00edkov konferencie.<\/span> <\/span><\/p>\n<p style=\"text-align: justify;\"><span class=\"tlid-translation translation\" lang=\"sk\"><span title=\"\">Organiz\u00e1tori konferencie zabezpe\u010dia ob\u010derstvenie po\u010das prest\u00e1vok. Tie\u017e poz\u00fdvaj\u00fa v\u0161etk\u00fdch \u00fa\u010dastn\u00edkov na <em>uv\u00edtac\u00ed kokteil<\/em> a <em>konferen\u010dn\u00fa ve\u010deru<\/em>.<\/span><br \/>\n<\/span><\/p>\n<p style=\"text-align: justify;\">Na k<span class=\"tlid-translation translation\" lang=\"sk\"><span title=\"\">onferenciu <em>Astronomick\u00e9 Slovensko 2023<\/em> sa zaregistrujte pomocou ni\u017e\u0161ie uveden\u00e9ho formul\u00e1ra. <\/span><\/span><span class=\"tlid-translation translation\" lang=\"sk\"><span title=\"\">Potvrdenie o registr\u00e1cii<\/span> dostanete <span title=\"\">automaticky e-mailom.<\/span> <span title=\"\">Ak by ste e-mail nedostali, pros\u00edm kontaktujte organiz\u00e1torov.<\/span><\/span><\/p>\n<p style=\"text-align: justify;\"><span title=\"\">Formul\u00e1r m\u00f4\u017eete pou\u017ei\u0165 aj na registr\u00e1ciu n\u00e1zvov, autorov a abstraktov va\u0161ich pr\u00edspevkov.<\/span> <span class=\"\" title=\"\">Formul\u00e1r umo\u017e\u0148uje registrova\u0165 najviac tri pr\u00edspevky.<\/span> <span class=\"\" title=\"\">Ak by ste chceli prezentova\u0165 viac pr\u00edspevkov, kontaktujte organiz\u00e1torov.<\/span><\/p>\n<p>Registr\u00e1cia \u00fa\u010dastn\u00edkov a pr\u00edspevkov je mo\u017en\u00e1 do <strong>17. septembra 2023<\/strong>.<\/p>\n<hr \/>\n\n<div class=\"wpcf7 no-js\" id=\"wpcf7-f120-o1\" lang=\"sk-SK\" dir=\"ltr\">\n<div class=\"screen-reader-response\"><p role=\"status\" aria-live=\"polite\" aria-atomic=\"true\"><\/p> <ul><\/ul><\/div>\n<form action=\"\/iau100\/astronomickeslovensko\/index.php\/wp-json\/wp\/v2\/pages\/17#wpcf7-f120-o1\" method=\"post\" class=\"wpcf7-form init\" aria-label=\"Contact form\" novalidate=\"novalidate\" data-status=\"init\">\n<div style=\"display: none;\">\n<input type=\"hidden\" name=\"_wpcf7\" value=\"120\" \/>\n<input type=\"hidden\" name=\"_wpcf7_version\" value=\"5.7.4\" \/>\n<input type=\"hidden\" name=\"_wpcf7_locale\" value=\"sk_SK\" \/>\n<input type=\"hidden\" name=\"_wpcf7_unit_tag\" value=\"wpcf7-f120-o1\" \/>\n<input type=\"hidden\" name=\"_wpcf7_container_post\" value=\"0\" \/>\n<input type=\"hidden\" name=\"_wpcf7_posted_data_hash\" value=\"\" \/>\n<input type=\"hidden\" name=\"_wpcf7cf_hidden_group_fields\" value=\"[]\" \/>\n<input type=\"hidden\" name=\"_wpcf7cf_hidden_groups\" value=\"[]\" \/>\n<input type=\"hidden\" name=\"_wpcf7cf_visible_groups\" value=\"[]\" \/>\n<input type=\"hidden\" name=\"_wpcf7cf_repeaters\" value=\"[]\" \/>\n<input type=\"hidden\" name=\"_wpcf7cf_steps\" value=\"{}\" \/>\n<input type=\"hidden\" name=\"_wpcf7cf_options\" value=\"{&quot;form_id&quot;:120,&quot;conditions&quot;:[{&quot;then_field&quot;:&quot;contribution-1-info&quot;,&quot;and_rules&quot;:[{&quot;if_field&quot;:&quot;contribution-1&quot;,&quot;operator&quot;:&quot;equals&quot;,&quot;if_value&quot;:&quot;\\u00e1no&quot;}]},{&quot;then_field&quot;:&quot;contribution-2-info&quot;,&quot;and_rules&quot;:[{&quot;if_field&quot;:&quot;contribution-2&quot;,&quot;operator&quot;:&quot;equals&quot;,&quot;if_value&quot;:&quot;\\u00e1no&quot;},{&quot;if_field&quot;:&quot;contribution-1&quot;,&quot;operator&quot;:&quot;equals&quot;,&quot;if_value&quot;:&quot;\\u00e1no&quot;}]},{&quot;then_field&quot;:&quot;contribution-3-info&quot;,&quot;and_rules&quot;:[{&quot;if_field&quot;:&quot;contribution-3&quot;,&quot;operator&quot;:&quot;equals&quot;,&quot;if_value&quot;:&quot;\\u00e1no&quot;},{&quot;if_field&quot;:&quot;contribution-2&quot;,&quot;operator&quot;:&quot;equals&quot;,&quot;if_value&quot;:&quot;\\u00e1no&quot;},{&quot;if_field&quot;:&quot;contribution-1&quot;,&quot;operator&quot;:&quot;equals&quot;,&quot;if_value&quot;:&quot;\\u00e1no&quot;}]}],&quot;settings&quot;:{&quot;animation&quot;:&quot;yes&quot;,&quot;animation_intime&quot;:200,&quot;animation_outtime&quot;:200,&quot;conditions_ui&quot;:&quot;normal&quot;,&quot;notice_dismissed&quot;:false}}\" \/>\n<input type=\"hidden\" name=\"_wpcf7_recaptcha_response\" value=\"\" \/>\n<\/div>\n<h3>Osobn\u00e9 \u00fadaje\n<\/h3>\n<p><label>Titul*<br \/>\n<span class=\"wpcf7-form-control-wrap\" data-name=\"title\"><input size=\"40\" class=\"wpcf7-form-control wpcf7-text wpcf7-validates-as-required\" aria-required=\"true\" aria-invalid=\"false\" value=\"\" type=\"text\" name=\"title\" \/><\/span> <\/label>\n<\/p>\n<p><label>Meno a priezvisko*<br \/>\n<span class=\"wpcf7-form-control-wrap\" data-name=\"name-of-participant\"><input size=\"40\" class=\"wpcf7-form-control wpcf7-text wpcf7-validates-as-required\" aria-required=\"true\" aria-invalid=\"false\" value=\"\" type=\"text\" name=\"name-of-participant\" \/><\/span> <\/label>\n<\/p>\n<p><label>Email*<br \/>\n<span class=\"wpcf7-form-control-wrap\" data-name=\"email\"><input size=\"40\" class=\"wpcf7-form-control wpcf7-text wpcf7-email wpcf7-validates-as-required wpcf7-validates-as-email\" aria-required=\"true\" aria-invalid=\"false\" value=\"\" type=\"email\" name=\"email\" \/><\/span> <\/label>\n<\/p>\n<p><label>Organiz\u00e1cia*<br \/>\n<span class=\"wpcf7-form-control-wrap\" data-name=\"affilation\"><input size=\"40\" class=\"wpcf7-form-control wpcf7-text wpcf7-validates-as-required\" aria-required=\"true\" aria-invalid=\"false\" value=\"\" type=\"text\" name=\"affilation\" \/><\/span> <\/label>\n<\/p>\n<p><label>Adresa organiz\u00e1cie*<br \/>\n<span class=\"wpcf7-form-control-wrap\" data-name=\"affilation-address\"><textarea cols=\"40\" rows=\"10\" class=\"wpcf7-form-control wpcf7-textarea wpcf7-validates-as-required\" aria-required=\"true\" aria-invalid=\"false\" name=\"affilation-address\"><\/textarea><\/span> <\/label>\n<\/p>\n<h3>Logistick\u00e9 inform\u00e1cie\n<\/h3>\n<p><label> De\u0148 pr\u00edchodu*<br \/>\n<span class=\"wpcf7-form-control-wrap\" data-name=\"date-arrival\"><input class=\"wpcf7-form-control wpcf7-date wpcf7-validates-as-required wpcf7-validates-as-date\" min=\"2023-09-27\" max=\"2023-09-29\" aria-required=\"true\" aria-invalid=\"false\" value=\"2023-09-27\" type=\"date\" name=\"date-arrival\" \/><\/span><br \/>\n<\/label>\n<\/p>\n<p><label> De\u0148 odchodu*<br \/>\n<span class=\"wpcf7-form-control-wrap\" data-name=\"date-departure\"><input class=\"wpcf7-form-control wpcf7-date wpcf7-validates-as-required wpcf7-validates-as-date\" min=\"2023-09-27\" max=\"2023-09-29\" aria-required=\"true\" aria-invalid=\"false\" value=\"2023-09-29\" type=\"date\" name=\"date-departure\" \/><\/span><br \/>\n<\/label>\n<\/p>\n<p>Potrebujete asistenciu s cestovan\u00edm?*<br \/>\n<span class=\"wpcf7-form-control-wrap\" data-name=\"travel-assistance\"><span class=\"wpcf7-form-control wpcf7-radio\"><span class=\"wpcf7-list-item first\"><input type=\"radio\" name=\"travel-assistance\" value=\"nie\" checked=\"checked\" \/><span class=\"wpcf7-list-item-label\">nie<\/span><\/span><span class=\"wpcf7-list-item last\"><input type=\"radio\" name=\"travel-assistance\" value=\"\u00e1no\" \/><span class=\"wpcf7-list-item-label\">\u00e1no<\/span><\/span><\/span><\/span>\n<\/p>\n<p><label> \u0160peci\u00e1lne po\u017eiadavky na stravu<br \/>\n<span class=\"wpcf7-form-control-wrap\" data-name=\"diet\"><input size=\"40\" class=\"wpcf7-form-control wpcf7-text\" aria-invalid=\"false\" value=\"\" type=\"text\" name=\"diet\" \/><\/span> <\/label>\n<\/p>\n<h3>Pr\u00edspevky\n<\/h3>\n<p>Budete na konferencii prezentova\u0165 pr\u00edspevok?*<br \/>\n<span class=\"wpcf7-form-control-wrap\" data-name=\"contribution-1\"><span class=\"wpcf7-form-control wpcf7-radio\"><span class=\"wpcf7-list-item first\"><span class=\"wpcf7-list-item-label\">\u00e1no<\/span><input type=\"radio\" name=\"contribution-1\" value=\"\u00e1no\" checked=\"checked\" \/><\/span><span class=\"wpcf7-list-item last\"><span class=\"wpcf7-list-item-label\">nie<\/span><input type=\"radio\" name=\"contribution-1\" value=\"nie\" \/><\/span><\/span><\/span>\n<\/p>\n<div data-id=\"contribution-1-info\" data-orig_data_id=\"contribution-1-info\"  data-class=\"wpcf7cf_group\">\n\t<p><b>Pr\u00edspevok 1<\/b><br \/>\n<label> N\u00e1zov*<br \/>\n<span class=\"wpcf7-form-control-wrap\" data-name=\"title-1\"><input size=\"40\" class=\"wpcf7-form-control wpcf7-text wpcf7-validates-as-required\" aria-required=\"true\" aria-invalid=\"false\" value=\"\" type=\"text\" name=\"title-1\" \/><\/span><\/label>\n\t<\/p>\n\t<p><label> Autor(i)*<br \/>\n<span class=\"wpcf7-form-control-wrap\" data-name=\"authors-1\"><input size=\"40\" class=\"wpcf7-form-control wpcf7-text wpcf7-validates-as-required\" aria-required=\"true\" aria-invalid=\"false\" value=\"\" type=\"text\" name=\"authors-1\" \/><\/span><\/label>\n\t<\/p>\n\t<p><label> Typ*<br \/>\n<span class=\"wpcf7-form-control-wrap\" data-name=\"type-1\"><select class=\"wpcf7-form-control wpcf7-select wpcf7-validates-as-required\" aria-required=\"true\" aria-invalid=\"false\" name=\"type-1\"><option value=\"predn\u00e1\u0161ka\">predn\u00e1\u0161ka<\/option><option value=\"v\u00fdstava\">v\u00fdstava<\/option><option value=\"poster\">poster<\/option><option value=\"roll-up\">roll-up<\/option><\/select><\/span><\/label>\n\t<\/p>\n\t<p><label> Abstrakt*<br \/>\n<span class=\"wpcf7-form-control-wrap\" data-name=\"abstract-1\"><textarea cols=\"40\" rows=\"10\" class=\"wpcf7-form-control wpcf7-textarea wpcf7-validates-as-required\" aria-required=\"true\" aria-invalid=\"false\" name=\"abstract-1\"><\/textarea><\/span><\/label>\n\t<\/p>\n\t<p>Budete prezentova\u0165 \u010fal\u0161\u00ed pr\u00edspevok?*<br \/>\n<span class=\"wpcf7-form-control-wrap\" data-name=\"contribution-2\"><span class=\"wpcf7-form-control wpcf7-radio\"><span class=\"wpcf7-list-item first\"><span class=\"wpcf7-list-item-label\">\u00e1no<\/span><input type=\"radio\" name=\"contribution-2\" value=\"\u00e1no\" \/><\/span><span class=\"wpcf7-list-item last\"><span class=\"wpcf7-list-item-label\">nie<\/span><input type=\"radio\" name=\"contribution-2\" value=\"nie\" checked=\"checked\" \/><\/span><\/span><\/span>\n\t<\/p>\n<\/div>\n<div data-id=\"contribution-2-info\" data-orig_data_id=\"contribution-2-info\"  data-class=\"wpcf7cf_group\">\n\t<p><b>Pr\u00edspevok 2<\/b><br \/>\n<label> N\u00e1zov*<br \/>\n<span class=\"wpcf7-form-control-wrap\" data-name=\"title-2\"><input size=\"40\" class=\"wpcf7-form-control wpcf7-text wpcf7-validates-as-required\" aria-required=\"true\" aria-invalid=\"false\" value=\"\" type=\"text\" name=\"title-2\" \/><\/span><\/label>\n\t<\/p>\n\t<p><label> Autor(i)*<br \/>\n<span class=\"wpcf7-form-control-wrap\" data-name=\"authors-2\"><input size=\"40\" class=\"wpcf7-form-control wpcf7-text wpcf7-validates-as-required\" aria-required=\"true\" aria-invalid=\"false\" value=\"\" type=\"text\" name=\"authors-2\" \/><\/span><\/label>\n\t<\/p>\n\t<p><label> Typ*<br \/>\n<span class=\"wpcf7-form-control-wrap\" data-name=\"type-2\"><select class=\"wpcf7-form-control wpcf7-select wpcf7-validates-as-required\" aria-required=\"true\" aria-invalid=\"false\" name=\"type-2\"><option value=\"predn\u00e1\u0161ka\">predn\u00e1\u0161ka<\/option><option value=\"v\u00fdstava\">v\u00fdstava<\/option><option value=\"poster\">poster<\/option><option value=\"roll-up\">roll-up<\/option><\/select><\/span><\/label>\n\t<\/p>\n\t<p><label> Abstrakt*<br \/>\n<span class=\"wpcf7-form-control-wrap\" data-name=\"abstract-2\"><textarea cols=\"40\" rows=\"10\" class=\"wpcf7-form-control wpcf7-textarea wpcf7-validates-as-required\" aria-required=\"true\" aria-invalid=\"false\" name=\"abstract-2\"><\/textarea><\/span><\/label>\n\t<\/p>\n\t<p>Budete prezentova\u0165 \u010fal\u0161\u00ed pr\u00edspevok?*<br \/>\n<span class=\"wpcf7-form-control-wrap\" data-name=\"contribution-3\"><span class=\"wpcf7-form-control wpcf7-radio\"><span class=\"wpcf7-list-item first\"><span class=\"wpcf7-list-item-label\">\u00e1no<\/span><input type=\"radio\" name=\"contribution-3\" value=\"\u00e1no\" \/><\/span><span class=\"wpcf7-list-item last\"><span class=\"wpcf7-list-item-label\">nie<\/span><input type=\"radio\" name=\"contribution-3\" value=\"nie\" checked=\"checked\" \/><\/span><\/span><\/span>\n\t<\/p>\n<\/div>\n<div data-id=\"contribution-3-info\" data-orig_data_id=\"contribution-3-info\"  data-class=\"wpcf7cf_group\">\n\t<p><b>Pr\u00edspevok 3<\/b><br \/>\n<label> N\u00e1zov*<br \/>\n<span class=\"wpcf7-form-control-wrap\" data-name=\"title-3\"><input size=\"40\" class=\"wpcf7-form-control wpcf7-text wpcf7-validates-as-required\" aria-required=\"true\" aria-invalid=\"false\" value=\"\" type=\"text\" name=\"title-3\" \/><\/span><\/label>\n\t<\/p>\n\t<p><label> Autor(i)*<br \/>\n<span class=\"wpcf7-form-control-wrap\" data-name=\"authors-3\"><input size=\"40\" class=\"wpcf7-form-control wpcf7-text wpcf7-validates-as-required\" aria-required=\"true\" aria-invalid=\"false\" value=\"\" type=\"text\" name=\"authors-3\" \/><\/span><\/label>\n\t<\/p>\n\t<p><label> Typ*<br \/>\n<span class=\"wpcf7-form-control-wrap\" data-name=\"type-3\"><select class=\"wpcf7-form-control wpcf7-select wpcf7-validates-as-required\" aria-required=\"true\" aria-invalid=\"false\" name=\"type-3\"><option value=\"predn\u00e1\u0161ka\">predn\u00e1\u0161ka<\/option><option value=\"v\u00fdstava\">v\u00fdstava<\/option><option value=\"poster\">poster<\/option><option value=\"roll-up\">roll-up<\/option><\/select><\/span><\/label>\n\t<\/p>\n\t<p><label> Abstrakt*<br \/>\n<span class=\"wpcf7-form-control-wrap\" data-name=\"abstract-3\"><textarea cols=\"40\" rows=\"10\" class=\"wpcf7-form-control wpcf7-textarea wpcf7-validates-as-required\" aria-required=\"true\" aria-invalid=\"false\" name=\"abstract-3\"><\/textarea><\/span><\/label>\n\t<\/p>\n<\/div>\n<p>&nbsp;\n<\/p>\n<h3>Zborn\u00edk\n<\/h3>\n<p>M\u00e1te z\u00e1ujem publikova\u0165 V\u00e1\u0161 pr\u00edspevok v zborn\u00edku?*<br \/>\n<span class=\"wpcf7-form-control-wrap\" data-name=\"proceedings\"><span class=\"wpcf7-form-control wpcf7-radio\"><span class=\"wpcf7-list-item first\"><span class=\"wpcf7-list-item-label\">\u00e1no<\/span><input type=\"radio\" name=\"proceedings\" value=\"\u00e1no\" \/><\/span><span class=\"wpcf7-list-item last\"><span class=\"wpcf7-list-item-label\">nie<\/span><input type=\"radio\" name=\"proceedings\" value=\"nie\" checked=\"checked\" \/><\/span><\/span><\/span>\n<\/p>\n<p>&nbsp;\n<\/p>\n<p><input class=\"wpcf7-form-control has-spinner wpcf7-submit\" type=\"submit\" value=\"Odosla\u0165\" \/>\n<\/p><div class=\"wpcf7-response-output\" aria-hidden=\"true\"><\/div>\n<\/form>\n<\/div>\n\n","protected":false},"excerpt":{"rendered":"<p>Z d\u00f4vodu obmedzen\u00e9ho finan\u010dn\u00e9ho rozpo\u010dtu konferencie Astronomick\u00e9 Slovensko 2023, organiz\u00e1tori vyberaj\u00fa konferen\u010dn\u00fd poplatok od v\u0161etk\u00fdch \u00fa\u010dastn\u00edkov. Konferen\u010dn\u00fd poplatok je 70,-\u20ac\u2026 <\/p>\n","protected":false},"author":1,"featured_media":36,"parent":0,"menu_order":0,"comment_status":"closed","ping_status":"closed","template":"","meta":{"ngg_post_thumbnail":0},"_links":{"self":[{"href":"https:\/\/www.astro.sk\/iau100\/astronomickeslovensko\/index.php\/wp-json\/wp\/v2\/pages\/17"}],"collection":[{"href":"https:\/\/www.astro.sk\/iau100\/astronomickeslovensko\/index.php\/wp-json\/wp\/v2\/pages"}],"about":[{"href":"https:\/\/www.astro.sk\/iau100\/astronomickeslovensko\/index.php\/wp-json\/wp\/v2\/types\/page"}],"author":[{"embeddable":true,"href":"https:\/\/www.astro.sk\/iau100\/astronomickeslovensko\/index.php\/wp-json\/wp\/v2\/users\/1"}],"replies":[{"embeddable":true,"href":"https:\/\/www.astro.sk\/iau100\/astronomickeslovensko\/index.php\/wp-json\/wp\/v2\/comments?post=17"}],"version-history":[{"count":11,"href":"https:\/\/www.astro.sk\/iau100\/astronomickeslovensko\/index.php\/wp-json\/wp\/v2\/pages\/17\/revisions"}],"predecessor-version":[{"id":390,"href":"https:\/\/www.astro.sk\/iau100\/astronomickeslovensko\/index.php\/wp-json\/wp\/v2\/pages\/17\/revisions\/390"}],"wp:featuredmedia":[{"embeddable":true,"href":"https:\/\/www.astro.sk\/iau100\/astronomickeslovensko\/index.php\/wp-json\/wp\/v2\/media\/36"}],"wp:attachment":[{"href":"https:\/\/www.astro.sk\/iau100\/astronomickeslovensko\/index.php\/wp-json\/wp\/v2\/media?parent=17"}],"curies":[{"name":"wp","href":"https:\/\/api.w.org\/{rel}","templated":true}]}}