{"id":15,"date":"2018-12-04T16:40:41","date_gmt":"2018-12-04T15:40:41","guid":{"rendered":"https:\/\/www.astro.sk\/iau100\/astronomickeslovensko\/?page_id=15"},"modified":"2023-09-19T08:54:59","modified_gmt":"2023-09-19T06:54:59","slug":"miesto-konania","status":"publish","type":"page","link":"https:\/\/www.astro.sk\/iau100\/astronomickeslovensko\/index.php\/miesto-konania\/","title":{"rendered":"Miesto konania"},"content":{"rendered":"<p>Konferencia sa bude kona\u0165 v priestoroch <em>U\u010debno-v\u00fdcvikov\u00e9ho zariadenia <a href=\"https:\/\/www.upjs.sk\/\">Univerzity P. J. \u0160af\u00e1rika<\/a><\/em> v <em>Dani\u0161ovciach<\/em>.<\/p>\n<p>Kapacita ubytovania je 62 os\u00f4b. Pre host\u00ed s\u00fa pripraven\u00e9 dvojl\u00f4\u017ekov\u00e9 izby so soci\u00e1lnym vybaven\u00edm a dva apartm\u00e1ny. Zariadenie disponuje polyfunk\u010dnou jed\u00e1lenskou miestnos\u0165ou, vlastnou kuchy\u0148ou, parkoviskom a pr\u00edslu\u0161enstvom.<\/p>\n<p><img decoding=\"async\" src=\"https:\/\/www.upjs.sk\/public\/banners\/danisovce-baner.jpg\" alt=\"https:\/\/www.upjs.sk\/public\/banners\/danisovce-baner.jpg\" \/><\/p>\n<p>Do <em>Dani\u0161oviec<\/em> je mo\u017en\u00e9 pricestova\u0165 cez <em>Spi\u0161sk\u00fa Nov\u00fa Ves<\/em>. Autobusy odch\u00e1dzaj\u00fa od \u017eelezni\u010dnej stanice, cesta trv\u00e1 11-16 min\u00fat.<\/p>\n<p><a href=\"https:\/\/cp.hnonline.sk\/vlakbusmhd\/spojenie\/?date=27.09.2023&amp;time=7%3a00&amp;f=Spi%c5%a1sk%c3%a1+Nov%c3%a1+Ves&amp;t=Dani%c5%a1ovce&amp;fc=1&amp;tc=1&amp;submit=true\">Odchody autobusov<\/a>, <em>Spi\u0161sk\u00e1 Nov\u00e1 Ves<\/em>, \u017eelezni\u010dn\u00e1 stanica &#8211; <em>Dani\u0161ovce<\/em>, obecn\u00fd \u00farad, 27. &#8211; 29. septembra 2023:<\/p>\n<p style=\"padding-left: 40px;\">6:06, 7:06, 8:15, 10:45, 13:11, 14:11, 15:11, 16:11, 19:21.<\/p>\n<p style=\"text-align: justify;\"><strong>U\u010debno-v\u00fdcvikov\u00e9 zariadenie Dani\u0161ovce<\/strong><br \/>\nUniverzita Pavla Jozefa \u0160af\u00e1rika v Ko\u0161iciach<br \/>\n053 22 Dani\u0161ovce 73<br \/>\nSlovensk\u00e1 republika<\/p>\n<hr \/>\n<div id=\"wpgmza_map\" class=\"wpgmza_map\" data-settings='{\"id\":\"1\",\"map_title\":\"Dani\\u0161ovce\",\"map_width\":\"100\",\"map_height\":\"400\",\"map_start_lat\":\"48.948825\",\"map_start_lng\":\"20.621661\",\"map_start_location\":\"48.948825450000044,20.621661182525603\",\"map_start_zoom\":\"15\",\"default_marker\":\"0\",\"type\":\"1\",\"alignment\":\"2\",\"directions_enabled\":\"1\",\"styling_enabled\":\"0\",\"styling_json\":\"\",\"active\":\"0\",\"kml\":\"\",\"bicycle\":\"0\",\"traffic\":\"0\",\"dbox\":\"1\",\"dbox_width\":\"100\",\"listmarkers\":\"0\",\"listmarkers_advanced\":\"0\",\"filterbycat\":\"0\",\"ugm_enabled\":\"0\",\"ugm_category_enabled\":\"0\",\"fusion\":\"\",\"map_width_type\":\"\\\\%\",\"map_height_type\":\"px\",\"mass_marker_support\":\"1\",\"ugm_access\":\"0\",\"order_markers_by\":\"1\",\"order_markers_choice\":\"2\",\"show_user_location\":\"0\",\"default_to\":\"\",\"other_settings\":{\"store_locator_enabled\":2,\"store_locator_distance\":2,\"store_locator_default_radius\":\"10\",\"store_locator_not_found_message\":\"No results found in this location. Please try again.\",\"store_locator_bounce\":1,\"store_locator_query_string\":\"PS\\u010c \\\/ Adresa:\",\"store_locator_default_address\":\"\",\"wpgmza_store_locator_restrict\":\"\",\"store_locator_style\":\"modern\",\"wpgmza_store_locator_radius_style\":\"modern\",\"map_max_zoom\":\"1\",\"transport_layer\":0,\"wpgmza_show_points_of_interest\":0}}' data-map-id='1' Data-maps-engine='open-layers' data-shortcode-attributes='{\"id\":\"1\"}' style=\"display:block; overflow:auto; width:100%; height:400px; float:left;\"><\/div>\n","protected":false},"excerpt":{"rendered":"<p>Konferencia sa bude kona\u0165 v priestoroch U\u010debno-v\u00fdcvikov\u00e9ho zariadenia Univerzity P. J. \u0160af\u00e1rika v Dani\u0161ovciach. Kapacita ubytovania je 62 os\u00f4b. Pre\u2026 <\/p>\n","protected":false},"author":1,"featured_media":68,"parent":0,"menu_order":0,"comment_status":"closed","ping_status":"closed","template":"","meta":{"ngg_post_thumbnail":0},"_links":{"self":[{"href":"https:\/\/www.astro.sk\/iau100\/astronomickeslovensko\/index.php\/wp-json\/wp\/v2\/pages\/15"}],"collection":[{"href":"https:\/\/www.astro.sk\/iau100\/astronomickeslovensko\/index.php\/wp-json\/wp\/v2\/pages"}],"about":[{"href":"https:\/\/www.astro.sk\/iau100\/astronomickeslovensko\/index.php\/wp-json\/wp\/v2\/types\/page"}],"author":[{"embeddable":true,"href":"https:\/\/www.astro.sk\/iau100\/astronomickeslovensko\/index.php\/wp-json\/wp\/v2\/users\/1"}],"replies":[{"embeddable":true,"href":"https:\/\/www.astro.sk\/iau100\/astronomickeslovensko\/index.php\/wp-json\/wp\/v2\/comments?post=15"}],"version-history":[{"count":16,"href":"https:\/\/www.astro.sk\/iau100\/astronomickeslovensko\/index.php\/wp-json\/wp\/v2\/pages\/15\/revisions"}],"predecessor-version":[{"id":429,"href":"https:\/\/www.astro.sk\/iau100\/astronomickeslovensko\/index.php\/wp-json\/wp\/v2\/pages\/15\/revisions\/429"}],"wp:featuredmedia":[{"embeddable":true,"href":"https:\/\/www.astro.sk\/iau100\/astronomickeslovensko\/index.php\/wp-json\/wp\/v2\/media\/68"}],"wp:attachment":[{"href":"https:\/\/www.astro.sk\/iau100\/astronomickeslovensko\/index.php\/wp-json\/wp\/v2\/media?parent=15"}],"curies":[{"name":"wp","href":"https:\/\/api.w.org\/{rel}","templated":true}]}}