{"id":13,"date":"2018-12-04T16:40:30","date_gmt":"2018-12-04T15:40:30","guid":{"rendered":"https:\/\/www.astro.sk\/iau100\/astronomickeslovensko\/?page_id=13"},"modified":"2023-09-04T20:01:57","modified_gmt":"2023-09-04T18:01:57","slug":"program","status":"publish","type":"page","link":"https:\/\/www.astro.sk\/iau100\/astronomickeslovensko\/index.php\/program\/","title":{"rendered":"Program 2019"},"content":{"rendered":"<hr \/>\n<h4>Streda, 25. septembra 2019<\/h4>\n<p style=\"padding-left: 40px;\">13:00 &#8211;\u00a0Registr\u00e1cia \u00fa\u010dastn\u00edkov<strong><br \/>\n<\/strong>14:00 &#8211; <em>Zah\u00e1jenie konferencie<\/em><br \/>\n14:10 &#8211; <em>Konferen\u010dn\u00fd blok 1<\/em><\/p>\n<p style=\"padding-left: 80px;\"><strong><em>Juraj Zverko<\/em> &#8211; SAS pri SAV v toku dej\u00edn<\/strong> (30 min.)<\/p>\n<p style=\"padding-left: 80px;\"><strong><em>Rudolf G\u00e1lis<\/em> &#8211; IAU &#8211; 100 rokov pod jednou oblohou<\/strong> (30 min.)<\/p>\n<p style=\"padding-left: 80px;\"><strong><em>Jaroslav Merc<\/em> &#8211; Projekt IAU100 NameExoWorld na Slovensku<\/strong> (20 min.)<\/p>\n<p style=\"padding-left: 40px;\">15:30 &#8211; Prest\u00e1vka<br \/>\n16:00 &#8211;<em> Konferen\u010dn\u00fd blok 2<\/em><\/p>\n<p style=\"padding-left: 80px;\"><strong><em>Patrik \u010cechvala<\/em> &#8211; V\u00fdstava Above and Beyond na Slovensku a aktivity v Pr\u00edrodovednom m\u00fazeu SNM<\/strong> (20 min.)<\/p>\n<p style=\"padding-left: 80px;\"><strong><em>Ivan Dorotovi\u010d, Mari\u00e1n Vidovenec, Eduard Ko\u010di<\/em>\u00a0 &#8211; Pozorovate\u013esk\u00e9, vedecko-v\u00fdskumn\u00e9, populariza\u010dno-vzdel\u00e1vacie a vydavate\u013esk\u00e9 aktivity v Slovenskej \u00fastrednej hvezd\u00e1rni v Hurbanove<\/strong> (60 min.)<\/p>\n<p style=\"padding-left: 80px;\"><strong><em>Roman \u0160vihor\u00edk<\/em> &#8211; Slovensk\u00fd zv\u00e4z astron\u00f3mov<\/strong> (20 min.)<\/p>\n<p style=\"padding-left: 40px;\">18:00 &#8211; Ve\u010dera<br \/>\n19:00 &#8211; <em>Prezent\u00e1cia v\u00fdstav a v\u00fdvesiek<\/em><\/p>\n<p style=\"padding-left: 80px;\"><strong><em>Daniela Rapav\u00e1<\/em> &#8211; K\u00fazlenie svetlom<\/strong> (10 min.)<strong><br \/>\n<\/strong><\/p>\n<p style=\"padding-left: 80px;\"><strong><em>Stanislav Kaniansky, R\u00f3bert Barsa, J\u00e1n M\u00e4siar<\/em> &#8211; Farebn\u00e1 hra vesm\u00edru<\/strong> (10 min.)<strong><br \/>\n<\/strong><\/p>\n<p style=\"padding-left: 80px;\"><strong><em>Ladislav Hric<\/em> &#8211; V\u00fdber fotografi\u00ed <\/strong>(10 min.)<strong><br \/>\n<\/strong><\/p>\n<p style=\"padding-left: 80px;\"><strong><em>Ladislav Hric, M\u00e1ria Hricov\u00e1 Bartolomejov\u00e1<\/em> &#8211; M. R. \u0160tef\u00e1nik<\/strong> (10 min.)<strong><br \/>\n<\/strong><\/p>\n<p style=\"padding-left: 80px;\"><strong><em>Patrik \u010cechvala<\/em> &#8211; V\u00fdstava Above and Beyond <\/strong>(10 min.)<strong><br \/>\n<\/strong><\/p>\n<p style=\"padding-left: 80px;\"><strong><em>Peter Begeni, Pavol Rapav\u00fd<\/em> &#8211; Parky tmavej oblohy na Slovensku <\/strong>(10 min.)<strong><br \/>\n<\/strong><\/p>\n<p style=\"padding-left: 40px;\">20:00 &#8211; Uv\u00edtac\u00ed kokteil<\/p>\n<hr \/>\n<h4>\u0160tvrtok, 26. septembra 2019<\/h4>\n<p style=\"padding-left: 40px;\">08:00 &#8211; Ra\u0148ajky<br \/>\n09:00 &#8211; <em>Konferen\u010dn\u00fd blok 3<\/em><\/p>\n<p style=\"padding-left: 80px;\"><strong><em>Roman Nagy <\/em>&#8211; Astron\u00f3mia na FMFaI UK, od slne\u010dnej s\u00fastavy a\u017e po Mlie\u010dnu cestu <\/strong>(20 min.)<\/p>\n<p style=\"padding-left: 80px;\"><strong><em>Rudolf G\u00e1lis<\/em> &#8211; Astrofyzika na Univerzite P. J. \u0160af\u00e1rika v Ko\u0161iciach <\/strong>(20 min.)<\/p>\n<p style=\"padding-left: 80px;\"><strong><em>\u0160imon Mackovjak<\/em> &#8211; SPACE::LAB &#8211; miesto na pril\u00e1kanie, vzdel\u00e1vanie a zapojenie mladej gener\u00e1cie do kozmickej vedy a techniky <\/strong>(20 min.)<\/p>\n<p style=\"padding-left: 40px;\">10:30 &#8211; Prest\u00e1vka<br \/>\n11:00 &#8211; <em>Konferen\u010dn\u00fd blok 4<\/em><\/p>\n<p style=\"padding-left: 80px;\"><strong><em>Tom\u00e1\u0161 Dobrovodsk\u00fd<\/em> &#8211; Digit\u00e1lne 4K planet\u00e1rium v \u017diari nad Hronom <\/strong>(20 min.)<\/p>\n<p style=\"padding-left: 80px;\"><strong><em>Jozef Kov\u00e1\u010d<\/em> &#8211; Astron\u00f3mia v Leviciach<\/strong> (20 min.)<\/p>\n<p style=\"padding-left: 80px;\"><strong><em>Peter Ka\u0148uk<\/em> &#8211; Astronomick\u00e9 vzdel\u00e1vanie v\u00a0CV\u010c v\u00a0Ko\u0161iciach<\/strong> (20 min.)<\/p>\n<p style=\"padding-left: 80px;\"><strong><em>Peter Miklo\u0161<\/em> &#8211; Vzdel\u00e1vanie na Vihorlatskej hvezd\u00e1rni v Humennom<\/strong> (20 min.)<\/p>\n<p style=\"padding-left: 40px;\">12:50 &#8211; Spolo\u010dn\u00e1 konferen\u010dn\u00e1 fotografia<br \/>\n13:00 &#8211; Obed<br \/>\n14:00 &#8211; <em>Konferen\u010dn\u00fd blok 5<\/em><\/p>\n<p style=\"padding-left: 80px;\"><strong><em>\u013dubom\u00edr Hamb\u00e1lek<\/em> &#8211; Vzdel\u00e1vaco-populariza\u010dn\u00e9 aktivity SAS pri SAV v Tatranskej Lomnici<\/strong> (20 min.)<\/p>\n<p style=\"padding-left: 80px;\"><strong><em>Svetoz\u00e1r \u0160tefe\u010dek<\/em> &#8211; Vzdel\u00e1vacie aktivity Hvezd\u00e1rne v Soboti\u0161ti<\/strong> (20 min.)<\/p>\n<p style=\"padding-left: 80px;\"><strong><em>Karol Petr\u00edk<\/em> &#8211; Odkaz E. Csereho pre Astronomick\u00e9 Slovensko <\/strong>(20 min.)<\/p>\n<p style=\"padding-left: 40px;\">15:30 &#8211; Prest\u00e1vka<br \/>\n16:00 &#8211; <em>Konferen\u010dn\u00fd blok 6<\/em><\/p>\n<p style=\"padding-left: 80px;\"><strong><em>J\u00e1n M\u00e4siar<\/em> &#8211; Hvezd\u00e1rne v \u017dilinskom kraji<\/strong> (20 min.)<\/p>\n<p style=\"padding-left: 80px;\"><strong><em>M\u00e1ria Z\u00e1borsk\u00e1<\/em> &#8211; Astronomick\u00e9 vzdel\u00e1vacie aktivity v Krajskom osvetovom stredisku v Nitre <\/strong>(20 min.)<\/p>\n<p style=\"padding-left: 80px;\"><strong><em>Patrik \u010cechvala, Peter Volek<\/em> &#8211; Slovensk\u00e9 planet\u00e1ri\u00e1 OZ &#8211; ciele, zameranie a aktivity<\/strong> (20 min.)<\/p>\n<p style=\"padding-left: 80px;\"><strong><em>Ladislav Hric, M\u00e1ria Hricov\u00e1 Bartolomejov\u00e1<\/em> &#8211; 13 rokov v Astronomickej olympi\u00e1de a v IOAA<\/strong> (20 min.)<\/p>\n<p style=\"padding-left: 80px;\"><strong><em>Jana \u0160vr\u010dkov\u00e1<\/em> &#8211; Astronomick\u00e9 s\u00fa\u0165a\u017ee na Slovensku a vo svete<\/strong> (20 min.)<\/p>\n<p style=\"padding-left: 40px;\">18:00 &#8211; <em>Panelov\u00e1 diskusia<\/em><br \/>\n19:00 &#8211; Konferen\u010dn\u00e1 ve\u010dera<\/p>\n<hr \/>\n<h4>Piatok, 27. septembra 2019<\/h4>\n<p style=\"padding-left: 40px;\">08:00 &#8211; Ra\u0148ajky<br \/>\n09:00 &#8211; <em>Konferen\u010dn\u00fd blok 7<\/em><\/p>\n<p style=\"padding-left: 80px;\"><strong><em>Stanislav \u0160i\u0161ul\u00e1k<\/em> &#8211; Dejiny astron\u00f3mie na \u00fazem\u00ed Slovenska <\/strong>(30 min.)<\/p>\n<p style=\"padding-left: 80px;\"><strong><em>Stanislav \u0160i\u0161ul\u00e1k<\/em> &#8211; Sekcia hist\u00f3rie astron\u00f3mie SAS pri SAV<\/strong> (20 min.)<\/p>\n<p style=\"padding-left: 80px;\"><strong><em>Svetoz\u00e1r \u0160tefe\u010dek<\/em> &#8211; Didaktick\u00e9 vyu\u017eitie astrofotografie <\/strong>(20 min.)<\/p>\n<p style=\"padding-left: 40px;\">10:30 &#8211; Prest\u00e1vka<br \/>\n11:00 &#8211; <em>Konferen\u010dn\u00fd blok 8<\/em><\/p>\n<p style=\"padding-left: 80px;\"><strong><em>Stanislav Kaniansky <\/em>&#8211; Z\u00e1bavn\u00e1 astron\u00f3mia<\/strong> (40 min.)<\/p>\n<p style=\"padding-left: 80px;\"><strong><em>Pavol Rapav\u00fd<\/em> &#8211; Sveteln\u00e9 zne\u010distenie a parky tmavej oblohy <\/strong>(30 min.)<\/p>\n<p style=\"padding-left: 80px;\"><strong><em>Peter Begeni<\/em> &#8211; Astronomick\u00e9 oko &#8211; adapt\u00e1cia na tmu z fyziologick\u00e9ho h\u013eadiska<\/strong> (20 min.)<\/p>\n<p style=\"padding-left: 40px;\">12:50 &#8211; Ukon\u010denie konferencie<br \/>\n13:00 &#8211; Obed<\/p>\n","protected":false},"excerpt":{"rendered":"<p>Streda, 25. septembra 2019 13:00 &#8211;\u00a0Registr\u00e1cia \u00fa\u010dastn\u00edkov 14:00 &#8211; Zah\u00e1jenie konferencie 14:10 &#8211; Konferen\u010dn\u00fd blok 1 Juraj Zverko &#8211; SAS\u2026 <\/p>\n","protected":false},"author":1,"featured_media":70,"parent":0,"menu_order":0,"comment_status":"closed","ping_status":"closed","template":"","meta":{"ngg_post_thumbnail":0},"_links":{"self":[{"href":"https:\/\/www.astro.sk\/iau100\/astronomickeslovensko\/index.php\/wp-json\/wp\/v2\/pages\/13"}],"collection":[{"href":"https:\/\/www.astro.sk\/iau100\/astronomickeslovensko\/index.php\/wp-json\/wp\/v2\/pages"}],"about":[{"href":"https:\/\/www.astro.sk\/iau100\/astronomickeslovensko\/index.php\/wp-json\/wp\/v2\/types\/page"}],"author":[{"embeddable":true,"href":"https:\/\/www.astro.sk\/iau100\/astronomickeslovensko\/index.php\/wp-json\/wp\/v2\/users\/1"}],"replies":[{"embeddable":true,"href":"https:\/\/www.astro.sk\/iau100\/astronomickeslovensko\/index.php\/wp-json\/wp\/v2\/comments?post=13"}],"version-history":[{"count":33,"href":"https:\/\/www.astro.sk\/iau100\/astronomickeslovensko\/index.php\/wp-json\/wp\/v2\/pages\/13\/revisions"}],"predecessor-version":[{"id":402,"href":"https:\/\/www.astro.sk\/iau100\/astronomickeslovensko\/index.php\/wp-json\/wp\/v2\/pages\/13\/revisions\/402"}],"wp:featuredmedia":[{"embeddable":true,"href":"https:\/\/www.astro.sk\/iau100\/astronomickeslovensko\/index.php\/wp-json\/wp\/v2\/media\/70"}],"wp:attachment":[{"href":"https:\/\/www.astro.sk\/iau100\/astronomickeslovensko\/index.php\/wp-json\/wp\/v2\/media?parent=13"}],"curies":[{"name":"wp","href":"https:\/\/api.w.org\/{rel}","templated":true}]}}